{"id":44,"date":"2026-01-30T15:00:30","date_gmt":"2026-01-30T15:00:30","guid":{"rendered":"https:\/\/engagencyclient.com\/autorada\/?page_id=44"},"modified":"2026-02-16T13:40:11","modified_gmt":"2026-02-16T13:40:11","slug":"samarbeidspartnere","status":"publish","type":"page","link":"https:\/\/engagencyclient.com\/autorada\/samarbeidspartnere\/","title":{"rendered":"Samarbeidspartnere"},"content":{"rendered":"\t\t<div data-elementor-type=\"wp-page\" data-elementor-id=\"44\" class=\"elementor elementor-44\">\n\t\t\t\t\t\t<section class=\"elementor-section elementor-top-section elementor-element elementor-element-1065cbf elementor-section-height-min-height elementor-section-boxed elementor-section-height-default elementor-section-items-middle\" data-id=\"1065cbf\" data-element_type=\"section\" data-e-type=\"section\" data-settings=\"{&quot;background_background&quot;:&quot;classic&quot;}\">\n\t\t\t\t\t\t\t<div class=\"elementor-background-overlay\"><\/div>\n\t\t\t\t\t\t\t<div class=\"elementor-container elementor-column-gap-default\">\n\t\t\t\t\t<div class=\"elementor-column elementor-col-100 elementor-top-column elementor-element elementor-element-557e535\" data-id=\"557e535\" data-element_type=\"column\" data-e-type=\"column\">\n\t\t\t<div class=\"elementor-widget-wrap elementor-element-populated\">\n\t\t\t\t\t\t<div class=\"elementor-element elementor-element-428b1a6 elementor-widget elementor-widget-heading\" data-id=\"428b1a6\" data-element_type=\"widget\" data-e-type=\"widget\" data-widget_type=\"heading.default\">\n\t\t\t\t\t<h2 class=\"elementor-heading-title elementor-size-default\">Samarbeidspartnere<\/h2>\t\t\t\t<\/div>\n\t\t\t\t<div class=\"elementor-element elementor-element-c2adce8 elementor-widget elementor-widget-text-editor\" data-id=\"c2adce8\" data-element_type=\"widget\" data-e-type=\"widget\" data-widget_type=\"text-editor.default\">\n\t\t\t\t\t\t\t\t\t<p>Via v\u00e5re samarbeidspartnere kan vi tilby gunstige og konkurransedyktige avtaler til v\u00e5re kunder. Vi har samarbeid med partnere innen finans, forsikring, verksted og mer. Ta en prat med oss s\u00e5 hjelper vi deg gjerne slik at du f\u00e5r en god avtale!<\/p>\t\t\t\t\t\t\t\t<\/div>\n\t\t\t\t\t<\/div>\n\t\t<\/div>\n\t\t\t\t\t<\/div>\n\t\t<\/section>\n\t\t\t\t<section class=\"elementor-section elementor-top-section elementor-element elementor-element-af72ce6 elementor-section-boxed elementor-section-height-default elementor-section-height-default\" data-id=\"af72ce6\" data-element_type=\"section\" data-e-type=\"section\">\n\t\t\t\t\t\t<div class=\"elementor-container elementor-column-gap-no\">\n\t\t\t\t\t<div class=\"elementor-column elementor-col-100 elementor-top-column elementor-element elementor-element-4287c37\" data-id=\"4287c37\" data-element_type=\"column\" data-e-type=\"column\">\n\t\t\t<div class=\"elementor-widget-wrap elementor-element-populated\">\n\t\t\t\t\t\t<section class=\"elementor-section elementor-inner-section elementor-element elementor-element-4876eac elementor-section-full_width elementor-section-content-middle elementor-section-height-default elementor-section-height-default\" data-id=\"4876eac\" data-element_type=\"section\" data-e-type=\"section\">\n\t\t\t\t\t\t<div class=\"elementor-container elementor-column-gap-default\">\n\t\t\t\t\t<div class=\"elementor-column elementor-col-25 elementor-inner-column elementor-element elementor-element-d02d25c\" data-id=\"d02d25c\" data-element_type=\"column\" data-e-type=\"column\" data-settings=\"{&quot;background_background&quot;:&quot;classic&quot;}\">\n\t\t\t<div class=\"elementor-widget-wrap elementor-element-populated\">\n\t\t\t\t\t\t<div class=\"elementor-element elementor-element-9801c6f elementor-widget elementor-widget-image\" data-id=\"9801c6f\" data-element_type=\"widget\" data-e-type=\"widget\" data-widget_type=\"image.default\">\n\t\t\t\t\t\t\t\t\t\t\t\t\t\t\t<img fetchpriority=\"high\" decoding=\"async\" width=\"960\" height=\"960\" src=\"https:\/\/engagencyclient.com\/autorada\/wp-content\/uploads\/2026\/02\/Logo_If_Skadeforsakring.svg_.png\" class=\"attachment-large size-large wp-image-541\" alt=\"\" srcset=\"https:\/\/engagencyclient.com\/autorada\/wp-content\/uploads\/2026\/02\/Logo_If_Skadeforsakring.svg_.png 960w, https:\/\/engagencyclient.com\/autorada\/wp-content\/uploads\/2026\/02\/Logo_If_Skadeforsakring.svg_-300x300.png 300w, https:\/\/engagencyclient.com\/autorada\/wp-content\/uploads\/2026\/02\/Logo_If_Skadeforsakring.svg_-150x150.png 150w, https:\/\/engagencyclient.com\/autorada\/wp-content\/uploads\/2026\/02\/Logo_If_Skadeforsakring.svg_-768x768.png 768w\" sizes=\"(max-width: 960px) 100vw, 960px\" \/>\t\t\t\t\t\t\t\t\t\t\t\t\t\t\t<\/div>\n\t\t\t\t\t<\/div>\n\t\t<\/div>\n\t\t\t\t<div class=\"elementor-column elementor-col-25 elementor-inner-column elementor-element elementor-element-2ec76ad\" data-id=\"2ec76ad\" data-element_type=\"column\" data-e-type=\"column\" data-settings=\"{&quot;background_background&quot;:&quot;classic&quot;}\">\n\t\t\t<div class=\"elementor-widget-wrap elementor-element-populated\">\n\t\t\t\t\t\t<div class=\"elementor-element elementor-element-0ac2b4b elementor-widget elementor-widget-image\" data-id=\"0ac2b4b\" data-element_type=\"widget\" data-e-type=\"widget\" data-widget_type=\"image.default\">\n\t\t\t\t\t\t\t\t\t\t\t\t\t\t\t<img decoding=\"async\" width=\"1024\" height=\"536\" src=\"https:\/\/engagencyclient.com\/autorada\/wp-content\/uploads\/2026\/02\/Statens_vegvesen_logo_w-1024x536.png\" class=\"attachment-large size-large wp-image-567\" alt=\"\" srcset=\"https:\/\/engagencyclient.com\/autorada\/wp-content\/uploads\/2026\/02\/Statens_vegvesen_logo_w-1024x536.png 1024w, https:\/\/engagencyclient.com\/autorada\/wp-content\/uploads\/2026\/02\/Statens_vegvesen_logo_w-300x157.png 300w, https:\/\/engagencyclient.com\/autorada\/wp-content\/uploads\/2026\/02\/Statens_vegvesen_logo_w-768x402.png 768w, https:\/\/engagencyclient.com\/autorada\/wp-content\/uploads\/2026\/02\/Statens_vegvesen_logo_w-1536x804.png 1536w, https:\/\/engagencyclient.com\/autorada\/wp-content\/uploads\/2026\/02\/Statens_vegvesen_logo_w.png 1889w\" sizes=\"(max-width: 1024px) 100vw, 1024px\" \/>\t\t\t\t\t\t\t\t\t\t\t\t\t\t\t<\/div>\n\t\t\t\t\t<\/div>\n\t\t<\/div>\n\t\t\t\t<div class=\"elementor-column elementor-col-25 elementor-inner-column elementor-element elementor-element-a35958d\" data-id=\"a35958d\" data-element_type=\"column\" data-e-type=\"column\" data-settings=\"{&quot;background_background&quot;:&quot;classic&quot;}\">\n\t\t\t<div class=\"elementor-widget-wrap elementor-element-populated\">\n\t\t\t\t\t\t<div class=\"elementor-element elementor-element-352edc4 elementor-widget elementor-widget-image\" data-id=\"352edc4\" data-element_type=\"widget\" data-e-type=\"widget\" data-widget_type=\"image.default\">\n\t\t\t\t\t\t\t\t\t\t\t\t\t\t\t<img decoding=\"async\" width=\"300\" height=\"184\" src=\"https:\/\/engagencyclient.com\/autorada\/wp-content\/uploads\/2026\/02\/standard_gjensidige_hovedlogo_rgb-1.png\" class=\"attachment-large size-large wp-image-544\" alt=\"\" \/>\t\t\t\t\t\t\t\t\t\t\t\t\t\t\t<\/div>\n\t\t\t\t\t<\/div>\n\t\t<\/div>\n\t\t\t\t<div class=\"elementor-column elementor-col-25 elementor-inner-column elementor-element elementor-element-e09a671\" data-id=\"e09a671\" data-element_type=\"column\" data-e-type=\"column\" data-settings=\"{&quot;background_background&quot;:&quot;classic&quot;}\">\n\t\t\t<div class=\"elementor-widget-wrap elementor-element-populated\">\n\t\t\t\t\t\t<div class=\"elementor-element elementor-element-8f3eea9 elementor-widget elementor-widget-image\" data-id=\"8f3eea9\" data-element_type=\"widget\" data-e-type=\"widget\" data-widget_type=\"image.default\">\n\t\t\t\t\t\t\t\t\t\t\t\t\t\t\t<img loading=\"lazy\" decoding=\"async\" width=\"300\" height=\"93\" src=\"https:\/\/engagencyclient.com\/autorada\/wp-content\/uploads\/2026\/02\/1009.png\" class=\"attachment-large size-large wp-image-539\" alt=\"\" \/>\t\t\t\t\t\t\t\t\t\t\t\t\t\t\t<\/div>\n\t\t\t\t\t<\/div>\n\t\t<\/div>\n\t\t\t\t\t<\/div>\n\t\t<\/section>\n\t\t\t\t<section class=\"elementor-section elementor-inner-section elementor-element elementor-element-71bc343 elementor-section-full_width elementor-section-content-middle elementor-section-height-default elementor-section-height-default\" data-id=\"71bc343\" data-element_type=\"section\" data-e-type=\"section\">\n\t\t\t\t\t\t<div class=\"elementor-container elementor-column-gap-default\">\n\t\t\t\t\t<div class=\"elementor-column elementor-col-25 elementor-inner-column elementor-element elementor-element-423e168\" data-id=\"423e168\" data-element_type=\"column\" data-e-type=\"column\" data-settings=\"{&quot;background_background&quot;:&quot;classic&quot;}\">\n\t\t\t<div class=\"elementor-widget-wrap elementor-element-populated\">\n\t\t\t\t\t\t<div class=\"elementor-element elementor-element-345b988 elementor-widget elementor-widget-image\" data-id=\"345b988\" data-element_type=\"widget\" data-e-type=\"widget\" data-widget_type=\"image.default\">\n\t\t\t\t\t\t\t\t\t\t\t\t\t\t\t<img loading=\"lazy\" decoding=\"async\" width=\"1024\" height=\"233\" src=\"https:\/\/engagencyclient.com\/autorada\/wp-content\/uploads\/2026\/02\/Mobility-pool-1024x233.png\" class=\"attachment-large size-large wp-image-615\" alt=\"\" srcset=\"https:\/\/engagencyclient.com\/autorada\/wp-content\/uploads\/2026\/02\/Mobility-pool-1024x233.png 1024w, https:\/\/engagencyclient.com\/autorada\/wp-content\/uploads\/2026\/02\/Mobility-pool-300x68.png 300w, https:\/\/engagencyclient.com\/autorada\/wp-content\/uploads\/2026\/02\/Mobility-pool-768x175.png 768w, https:\/\/engagencyclient.com\/autorada\/wp-content\/uploads\/2026\/02\/Mobility-pool.png 1280w\" sizes=\"(max-width: 1024px) 100vw, 1024px\" \/>\t\t\t\t\t\t\t\t\t\t\t\t\t\t\t<\/div>\n\t\t\t\t\t<\/div>\n\t\t<\/div>\n\t\t\t\t<div class=\"elementor-column elementor-col-25 elementor-inner-column elementor-element elementor-element-eefb044\" data-id=\"eefb044\" data-element_type=\"column\" data-e-type=\"column\" data-settings=\"{&quot;background_background&quot;:&quot;classic&quot;}\">\n\t\t\t<div class=\"elementor-widget-wrap elementor-element-populated\">\n\t\t\t\t\t\t<div class=\"elementor-element elementor-element-a33a388 elementor-widget elementor-widget-image\" data-id=\"a33a388\" data-element_type=\"widget\" data-e-type=\"widget\" data-widget_type=\"image.default\">\n\t\t\t\t\t\t\t\t\t\t\t\t\t\t\t<img loading=\"lazy\" decoding=\"async\" width=\"1024\" height=\"350\" src=\"https:\/\/engagencyclient.com\/autorada\/wp-content\/uploads\/2026\/02\/meca-logo-1024x350.png\" class=\"attachment-large size-large wp-image-543\" alt=\"\" srcset=\"https:\/\/engagencyclient.com\/autorada\/wp-content\/uploads\/2026\/02\/meca-logo-1024x350.png 1024w, https:\/\/engagencyclient.com\/autorada\/wp-content\/uploads\/2026\/02\/meca-logo-300x103.png 300w, https:\/\/engagencyclient.com\/autorada\/wp-content\/uploads\/2026\/02\/meca-logo-768x263.png 768w, https:\/\/engagencyclient.com\/autorada\/wp-content\/uploads\/2026\/02\/meca-logo.png 1084w\" sizes=\"(max-width: 1024px) 100vw, 1024px\" \/>\t\t\t\t\t\t\t\t\t\t\t\t\t\t\t<\/div>\n\t\t\t\t\t<\/div>\n\t\t<\/div>\n\t\t\t\t<div class=\"elementor-column elementor-col-25 elementor-inner-column elementor-element elementor-element-9cc81b8\" data-id=\"9cc81b8\" data-element_type=\"column\" data-e-type=\"column\" data-settings=\"{&quot;background_background&quot;:&quot;classic&quot;}\">\n\t\t\t<div class=\"elementor-widget-wrap elementor-element-populated\">\n\t\t\t\t\t\t<div class=\"elementor-element elementor-element-76c80ae elementor-widget elementor-widget-image\" data-id=\"76c80ae\" data-element_type=\"widget\" data-e-type=\"widget\" data-widget_type=\"image.default\">\n\t\t\t\t\t\t\t\t\t\t\t\t\t\t\t<img loading=\"lazy\" decoding=\"async\" width=\"260\" height=\"120\" src=\"https:\/\/engagencyclient.com\/autorada\/wp-content\/uploads\/2026\/02\/ACF.png\" class=\"attachment-large size-large wp-image-613\" alt=\"\" \/>\t\t\t\t\t\t\t\t\t\t\t\t\t\t\t<\/div>\n\t\t\t\t\t<\/div>\n\t\t<\/div>\n\t\t\t\t<div class=\"elementor-column elementor-col-25 elementor-inner-column elementor-element elementor-element-8796949\" data-id=\"8796949\" data-element_type=\"column\" data-e-type=\"column\" data-settings=\"{&quot;background_background&quot;:&quot;classic&quot;}\">\n\t\t\t<div class=\"elementor-widget-wrap elementor-element-populated\">\n\t\t\t\t\t\t<div class=\"elementor-element elementor-element-53b6304 elementor-widget elementor-widget-image\" data-id=\"53b6304\" data-element_type=\"widget\" data-e-type=\"widget\" data-widget_type=\"image.default\">\n\t\t\t\t\t\t\t\t\t\t\t\t\t\t\t<img loading=\"lazy\" decoding=\"async\" width=\"398\" height=\"127\" src=\"https:\/\/engagencyclient.com\/autorada\/wp-content\/uploads\/2026\/02\/car-protect.png\" class=\"attachment-large size-large wp-image-614\" alt=\"\" srcset=\"https:\/\/engagencyclient.com\/autorada\/wp-content\/uploads\/2026\/02\/car-protect.png 398w, https:\/\/engagencyclient.com\/autorada\/wp-content\/uploads\/2026\/02\/car-protect-300x96.png 300w\" sizes=\"(max-width: 398px) 100vw, 398px\" \/>\t\t\t\t\t\t\t\t\t\t\t\t\t\t\t<\/div>\n\t\t\t\t\t<\/div>\n\t\t<\/div>\n\t\t\t\t\t<\/div>\n\t\t<\/section>\n\t\t\t\t\t<\/div>\n\t\t<\/div>\n\t\t\t\t\t<\/div>\n\t\t<\/section>\n\t\t\t\t<\/div>\n\t\t","protected":false},"excerpt":{"rendered":"<p>Samarbeidspartnere Via v\u00e5re samarbeidspartnere kan vi tilby gunstige og konkurransedyktige avtaler til v\u00e5re kunder. Vi har samarbeid med partnere innen [&hellip;]<\/p>\n","protected":false},"author":1,"featured_media":0,"parent":0,"menu_order":0,"comment_status":"closed","ping_status":"closed","template":"","meta":{"site-sidebar-layout":"no-sidebar","site-content-layout":"","ast-site-content-layout":"full-width-container","site-content-style":"default","site-sidebar-style":"default","ast-global-header-display":"","ast-banner-title-visibility":"","ast-main-header-display":"","ast-hfb-above-header-display":"","ast-hfb-below-header-display":"","ast-hfb-mobile-header-display":"","site-post-title":"disabled","ast-breadcrumbs-content":"","ast-featured-img":"disabled","footer-sml-layout":"","ast-disable-related-posts":"","theme-transparent-header-meta":"","adv-header-id-meta":"","stick-header-meta":"","header-above-stick-meta":"","header-main-stick-meta":"","header-below-stick-meta":"","astra-migrate-meta-layouts":"default","ast-page-background-enabled":"default","ast-page-background-meta":{"desktop":{"background-color":"var(--ast-global-color-5)","background-image":"","background-repeat":"repeat","background-position":"center center","background-size":"auto","background-attachment":"scroll","background-type":"","background-media":"","overlay-type":"","overlay-color":"","overlay-opacity":"","overlay-gradient":""},"tablet":{"background-color":"","background-image":"","background-repeat":"repeat","background-position":"center center","background-size":"auto","background-attachment":"scroll","background-type":"","background-media":"","overlay-type":"","overlay-color":"","overlay-opacity":"","overlay-gradient":""},"mobile":{"background-color":"","background-image":"","background-repeat":"repeat","background-position":"center center","background-size":"auto","background-attachment":"scroll","background-type":"","background-media":"","overlay-type":"","overlay-color":"","overlay-opacity":"","overlay-gradient":""}},"ast-content-background-meta":{"desktop":{"background-color":"var(--ast-global-color-4)","background-image":"","background-repeat":"repeat","background-position":"center center","background-size":"auto","background-attachment":"scroll","background-type":"","background-media":"","overlay-type":"","overlay-color":"","overlay-opacity":"","overlay-gradient":""},"tablet":{"background-color":"var(--ast-global-color-4)","background-image":"","background-repeat":"repeat","background-position":"center center","background-size":"auto","background-attachment":"scroll","background-type":"","background-media":"","overlay-type":"","overlay-color":"","overlay-opacity":"","overlay-gradient":""},"mobile":{"background-color":"var(--ast-global-color-4)","background-image":"","background-repeat":"repeat","background-position":"center center","background-size":"auto","background-attachment":"scroll","background-type":"","background-media":"","overlay-type":"","overlay-color":"","overlay-opacity":"","overlay-gradient":""}},"footnotes":""},"class_list":["post-44","page","type-page","status-publish","hentry"],"_links":{"self":[{"href":"https:\/\/engagencyclient.com\/autorada\/wp-json\/wp\/v2\/pages\/44","targetHints":{"allow":["GET"]}}],"collection":[{"href":"https:\/\/engagencyclient.com\/autorada\/wp-json\/wp\/v2\/pages"}],"about":[{"href":"https:\/\/engagencyclient.com\/autorada\/wp-json\/wp\/v2\/types\/page"}],"author":[{"embeddable":true,"href":"https:\/\/engagencyclient.com\/autorada\/wp-json\/wp\/v2\/users\/1"}],"replies":[{"embeddable":true,"href":"https:\/\/engagencyclient.com\/autorada\/wp-json\/wp\/v2\/comments?post=44"}],"version-history":[{"count":76,"href":"https:\/\/engagencyclient.com\/autorada\/wp-json\/wp\/v2\/pages\/44\/revisions"}],"predecessor-version":[{"id":631,"href":"https:\/\/engagencyclient.com\/autorada\/wp-json\/wp\/v2\/pages\/44\/revisions\/631"}],"wp:attachment":[{"href":"https:\/\/engagencyclient.com\/autorada\/wp-json\/wp\/v2\/media?parent=44"}],"curies":[{"name":"wp","href":"https:\/\/api.w.org\/{rel}","templated":true}]}}