{"id":1761,"date":"2025-05-29T13:26:23","date_gmt":"2025-05-29T13:26:23","guid":{"rendered":"https:\/\/engagencyclient.com\/dmhudpleie\/?page_id=1761"},"modified":"2025-05-29T13:55:14","modified_gmt":"2025-05-29T13:55:14","slug":"ameela-polynukleotider","status":"publish","type":"page","link":"https:\/\/engagencyclient.com\/dmhudpleie\/behandlinger\/injeksjoner\/ameela-polynukleotider\/","title":{"rendered":"Ameela Polynukleotider"},"content":{"rendered":"\t\t<div data-elementor-type=\"wp-post\" data-elementor-id=\"1761\" class=\"elementor elementor-1761\">\n\t\t\t\t<div class=\"elementor-element elementor-element-2d6dcb1 e-flex e-con-boxed e-con e-parent\" data-id=\"2d6dcb1\" data-element_type=\"container\" data-e-type=\"container\" data-settings=\"{&quot;background_background&quot;:&quot;classic&quot;}\">\n\t\t\t\t\t<div class=\"e-con-inner\">\n\t\t<div class=\"elementor-element elementor-element-b7569e9 e-con-full e-flex e-con e-child\" data-id=\"b7569e9\" data-element_type=\"container\" data-e-type=\"container\">\n\t\t\t\t<div class=\"elementor-element elementor-element-9f7c620 elementor-widget elementor-widget-heading\" data-id=\"9f7c620\" data-element_type=\"widget\" data-e-type=\"widget\" data-widget_type=\"heading.default\">\n\t\t\t\t<div class=\"elementor-widget-container\">\n\t\t\t\t\t<h1 class=\"elementor-heading-title elementor-size-default\">Ameela\u00ae<\/h1>\t\t\t\t<\/div>\n\t\t\t\t<\/div>\n\t\t\t\t<div class=\"elementor-element elementor-element-82642f5 elementor-widget-divider--view-line elementor-widget elementor-widget-divider\" data-id=\"82642f5\" data-element_type=\"widget\" data-e-type=\"widget\" data-widget_type=\"divider.default\">\n\t\t\t\t<div class=\"elementor-widget-container\">\n\t\t\t\t\t\t\t<div class=\"elementor-divider\">\n\t\t\t<span class=\"elementor-divider-separator\">\n\t\t\t\t\t\t<\/span>\n\t\t<\/div>\n\t\t\t\t\t\t<\/div>\n\t\t\t\t<\/div>\n\t\t\t\t<div class=\"elementor-element elementor-element-9215273 elementor-widget elementor-widget-text-editor\" data-id=\"9215273\" data-element_type=\"widget\" data-e-type=\"widget\" data-widget_type=\"text-editor.default\">\n\t\t\t\t<div class=\"elementor-widget-container\">\n\t\t\t\t\t\t\t\t\tAmeela\u00ae er en innovativ injiserbar l\u00f8sning, basert p\u00e5 naturlige polymeriserte polynukleotider.\t\t\t\t\t\t\t\t<\/div>\n\t\t\t\t<\/div>\n\t\t\t\t<div class=\"elementor-element elementor-element-4188424 elementor-mobile-align-start elementor-icon-list--layout-traditional elementor-list-item-link-full_width elementor-widget elementor-widget-icon-list\" data-id=\"4188424\" data-element_type=\"widget\" data-e-type=\"widget\" data-widget_type=\"icon-list.default\">\n\t\t\t\t<div class=\"elementor-widget-container\">\n\t\t\t\t\t\t\t<ul class=\"elementor-icon-list-items\">\n\t\t\t\t\t\t\t<li class=\"elementor-icon-list-item\">\n\t\t\t\t\t\t\t\t\t\t\t<span class=\"elementor-icon-list-icon\">\n\t\t\t\t\t\t\t<svg aria-hidden=\"true\" class=\"e-font-icon-svg e-fas-check-circle\" viewBox=\"0 0 512 512\" xmlns=\"http:\/\/www.w3.org\/2000\/svg\"><path d=\"M504 256c0 136.967-111.033 248-248 248S8 392.967 8 256 119.033 8 256 8s248 111.033 248 248zM227.314 387.314l184-184c6.248-6.248 6.248-16.379 0-22.627l-22.627-22.627c-6.248-6.249-16.379-6.249-22.628 0L216 308.118l-70.059-70.059c-6.248-6.248-16.379-6.248-22.628 0l-22.627 22.627c-6.248 6.248-6.248 16.379 0 22.627l104 104c6.249 6.249 16.379 6.249 22.628.001z\"><\/path><\/svg>\t\t\t\t\t\t<\/span>\n\t\t\t\t\t\t\t\t\t\t<span class=\"elementor-icon-list-text\">Gjennomfukter huden<\/span>\n\t\t\t\t\t\t\t\t\t<\/li>\n\t\t\t\t\t\t\t\t<li class=\"elementor-icon-list-item\">\n\t\t\t\t\t\t\t\t\t\t\t<span class=\"elementor-icon-list-icon\">\n\t\t\t\t\t\t\t<svg aria-hidden=\"true\" class=\"e-font-icon-svg e-fas-check-circle\" viewBox=\"0 0 512 512\" xmlns=\"http:\/\/www.w3.org\/2000\/svg\"><path d=\"M504 256c0 136.967-111.033 248-248 248S8 392.967 8 256 119.033 8 256 8s248 111.033 248 248zM227.314 387.314l184-184c6.248-6.248 6.248-16.379 0-22.627l-22.627-22.627c-6.248-6.249-16.379-6.249-22.628 0L216 308.118l-70.059-70.059c-6.248-6.248-16.379-6.248-22.628 0l-22.627 22.627c-6.248 6.248-6.248 16.379 0 22.627l104 104c6.249 6.249 16.379 6.249 22.628.001z\"><\/path><\/svg>\t\t\t\t\t\t<\/span>\n\t\t\t\t\t\t\t\t\t\t<span class=\"elementor-icon-list-text\">Stimulerer antioksidanter<\/span>\n\t\t\t\t\t\t\t\t\t<\/li>\n\t\t\t\t\t\t\t\t<li class=\"elementor-icon-list-item\">\n\t\t\t\t\t\t\t\t\t\t\t<span class=\"elementor-icon-list-icon\">\n\t\t\t\t\t\t\t<svg aria-hidden=\"true\" class=\"e-font-icon-svg e-fas-check-circle\" viewBox=\"0 0 512 512\" xmlns=\"http:\/\/www.w3.org\/2000\/svg\"><path d=\"M504 256c0 136.967-111.033 248-248 248S8 392.967 8 256 119.033 8 256 8s248 111.033 248 248zM227.314 387.314l184-184c6.248-6.248 6.248-16.379 0-22.627l-22.627-22.627c-6.248-6.249-16.379-6.249-22.628 0L216 308.118l-70.059-70.059c-6.248-6.248-16.379-6.248-22.628 0l-22.627 22.627c-6.248 6.248-6.248 16.379 0 22.627l104 104c6.249 6.249 16.379 6.249 22.628.001z\"><\/path><\/svg>\t\t\t\t\t\t<\/span>\n\t\t\t\t\t\t\t\t\t\t<span class=\"elementor-icon-list-text\">Reduserer m\u00f8rke ringer og poser<\/span>\n\t\t\t\t\t\t\t\t\t<\/li>\n\t\t\t\t\t\t\t\t<li class=\"elementor-icon-list-item\">\n\t\t\t\t\t\t\t\t\t\t\t<span class=\"elementor-icon-list-icon\">\n\t\t\t\t\t\t\t<svg aria-hidden=\"true\" class=\"e-font-icon-svg e-fas-check-circle\" viewBox=\"0 0 512 512\" xmlns=\"http:\/\/www.w3.org\/2000\/svg\"><path d=\"M504 256c0 136.967-111.033 248-248 248S8 392.967 8 256 119.033 8 256 8s248 111.033 248 248zM227.314 387.314l184-184c6.248-6.248 6.248-16.379 0-22.627l-22.627-22.627c-6.248-6.249-16.379-6.249-22.628 0L216 308.118l-70.059-70.059c-6.248-6.248-16.379-6.248-22.628 0l-22.627 22.627c-6.248 6.248-6.248 16.379 0 22.627l104 104c6.249 6.249 16.379 6.249 22.628.001z\"><\/path><\/svg>\t\t\t\t\t\t<\/span>\n\t\t\t\t\t\t\t\t\t\t<span class=\"elementor-icon-list-text\">Reduserer rynker og fine linjer<\/span>\n\t\t\t\t\t\t\t\t\t<\/li>\n\t\t\t\t\t\t<\/ul>\n\t\t\t\t\t\t<\/div>\n\t\t\t\t<\/div>\n\t\t\t\t<\/div>\n\t\t<div class=\"elementor-element elementor-element-b7c51f9 e-con-full e-flex e-con e-child\" data-id=\"b7c51f9\" data-element_type=\"container\" data-e-type=\"container\">\n\t\t\t\t<\/div>\n\t\t\t\t\t<\/div>\n\t\t\t\t<\/div>\n\t\t<div class=\"elementor-element elementor-element-b246336 e-flex e-con-boxed e-con e-parent\" data-id=\"b246336\" data-element_type=\"container\" data-e-type=\"container\">\n\t\t\t\t\t<div class=\"e-con-inner\">\n\t\t<div class=\"elementor-element elementor-element-dbc9bac e-con-full e-flex e-con e-child\" data-id=\"dbc9bac\" data-element_type=\"container\" data-e-type=\"container\">\n\t\t\t\t<div class=\"elementor-element elementor-element-b7319d6 elementor-widget elementor-widget-text-editor\" data-id=\"b7319d6\" data-element_type=\"widget\" data-e-type=\"widget\" data-widget_type=\"text-editor.default\">\n\t\t\t\t<div class=\"elementor-widget-container\">\n\t\t\t\t\t\t\t\t\t<p>Behandlingen med Ameela\u00ae er en effektiv m\u00e5te \u00e5 gjennoprette hudens fasthet og elastisitet p\u00e5, og sikrer en sunn hud som beskytter mot frie radikaler og celleskader.<\/p><p>Ameela\u00ae trekker til seg stamceller til det aktuelle behandlingsomr\u00e5det, gir et l\u00f8ft og virker antialdrende ved \u00e5 stimulere fibroblastene til dannelsen av kollagen som reduserer synligheten av fine linjer og rynker. Stamcellene er blant annet ogs\u00e5 med p\u00e5 \u00e5 reparere og revitalisere huden, og gir ogs\u00e5 mye fuktighet til huden.<\/p><p>Ameela\u00ae gir ogs\u00e5 en histologisk forandring og biostrukturering i alle vevstyper som ben, muskler og fettvev, og virker derfor konturerende og vil gi deg tilbake spensten i huden.<\/p>\t\t\t\t\t\t\t\t<\/div>\n\t\t\t\t<\/div>\n\t\t\t\t<\/div>\n\t\t<div class=\"elementor-element elementor-element-98e606d e-con-full e-flex e-con e-child\" data-id=\"98e606d\" data-element_type=\"container\" data-e-type=\"container\">\n\t\t\t\t<div class=\"elementor-element elementor-element-1456143 elementor-widget elementor-widget-image\" data-id=\"1456143\" data-element_type=\"widget\" data-e-type=\"widget\" data-widget_type=\"image.default\">\n\t\t\t\t<div class=\"elementor-widget-container\">\n\t\t\t\t\t\t\t\t\t\t\t\t\t\t\t<img fetchpriority=\"high\" decoding=\"async\" width=\"724\" height=\"1024\" src=\"https:\/\/engagencyclient.com\/dmhudpleie\/wp-content\/uploads\/2025\/05\/Ameela-flyer-norsk-724x1024.jpg\" class=\"attachment-large size-large wp-image-1769\" alt=\"\" srcset=\"https:\/\/engagencyclient.com\/dmhudpleie\/wp-content\/uploads\/2025\/05\/Ameela-flyer-norsk-724x1024.jpg 724w, https:\/\/engagencyclient.com\/dmhudpleie\/wp-content\/uploads\/2025\/05\/Ameela-flyer-norsk-212x300.jpg 212w, https:\/\/engagencyclient.com\/dmhudpleie\/wp-content\/uploads\/2025\/05\/Ameela-flyer-norsk-768x1086.jpg 768w, https:\/\/engagencyclient.com\/dmhudpleie\/wp-content\/uploads\/2025\/05\/Ameela-flyer-norsk-1086x1536.jpg 1086w, https:\/\/engagencyclient.com\/dmhudpleie\/wp-content\/uploads\/2025\/05\/Ameela-flyer-norsk.jpg 1241w\" sizes=\"(max-width: 724px) 100vw, 724px\" \/>\t\t\t\t\t\t\t\t\t\t\t\t\t\t\t<\/div>\n\t\t\t\t<\/div>\n\t\t\t\t<\/div>\n\t\t\t\t\t<\/div>\n\t\t\t\t<\/div>\n\t\t<div class=\"elementor-element elementor-element-c330fbe e-flex e-con-boxed e-con e-parent\" data-id=\"c330fbe\" data-element_type=\"container\" data-e-type=\"container\">\n\t\t\t\t\t<div class=\"e-con-inner\">\n\t\t<div class=\"elementor-element elementor-element-a8642e5 e-con-full e-flex e-con e-child\" data-id=\"a8642e5\" data-element_type=\"container\" data-e-type=\"container\">\n\t\t\t\t<div class=\"elementor-element elementor-element-b896e1c elementor-widget elementor-widget-text-editor\" data-id=\"b896e1c\" data-element_type=\"widget\" data-e-type=\"widget\" data-widget_type=\"text-editor.default\">\n\t\t\t\t<div class=\"elementor-widget-container\">\n\t\t\t\t\t\t\t\t\tOmr\u00e5der som kan behandles med Ameela\u00ae:\t\t\t\t\t\t\t\t<\/div>\n\t\t\t\t<\/div>\n\t\t\t\t<div class=\"elementor-element elementor-element-34b8a8e elementor-mobile-align-start elementor-icon-list--layout-traditional elementor-list-item-link-full_width elementor-widget elementor-widget-icon-list\" data-id=\"34b8a8e\" data-element_type=\"widget\" data-e-type=\"widget\" data-widget_type=\"icon-list.default\">\n\t\t\t\t<div class=\"elementor-widget-container\">\n\t\t\t\t\t\t\t<ul class=\"elementor-icon-list-items\">\n\t\t\t\t\t\t\t<li class=\"elementor-icon-list-item\">\n\t\t\t\t\t\t\t\t\t\t\t<span class=\"elementor-icon-list-icon\">\n\t\t\t\t\t\t\t<svg aria-hidden=\"true\" class=\"e-font-icon-svg e-fas-check-circle\" viewBox=\"0 0 512 512\" xmlns=\"http:\/\/www.w3.org\/2000\/svg\"><path d=\"M504 256c0 136.967-111.033 248-248 248S8 392.967 8 256 119.033 8 256 8s248 111.033 248 248zM227.314 387.314l184-184c6.248-6.248 6.248-16.379 0-22.627l-22.627-22.627c-6.248-6.249-16.379-6.249-22.628 0L216 308.118l-70.059-70.059c-6.248-6.248-16.379-6.248-22.628 0l-22.627 22.627c-6.248 6.248-6.248 16.379 0 22.627l104 104c6.249 6.249 16.379 6.249 22.628.001z\"><\/path><\/svg>\t\t\t\t\t\t<\/span>\n\t\t\t\t\t\t\t\t\t\t<span class=\"elementor-icon-list-text\">\u00d8yne - reduserer m\u00f8rke ringer og rynker, tilf\u00f8rer fuktighet og kan brukes ved fordypninger\/bl\u00e5 ringer i \u00f8yeomr\u00e5det samtidig som den restrukturer.<\/span>\n\t\t\t\t\t\t\t\t\t<\/li>\n\t\t\t\t\t\t\t\t<li class=\"elementor-icon-list-item\">\n\t\t\t\t\t\t\t\t\t\t\t<span class=\"elementor-icon-list-icon\">\n\t\t\t\t\t\t\t<svg aria-hidden=\"true\" class=\"e-font-icon-svg e-fas-check-circle\" viewBox=\"0 0 512 512\" xmlns=\"http:\/\/www.w3.org\/2000\/svg\"><path d=\"M504 256c0 136.967-111.033 248-248 248S8 392.967 8 256 119.033 8 256 8s248 111.033 248 248zM227.314 387.314l184-184c6.248-6.248 6.248-16.379 0-22.627l-22.627-22.627c-6.248-6.249-16.379-6.249-22.628 0L216 308.118l-70.059-70.059c-6.248-6.248-16.379-6.248-22.628 0l-22.627 22.627c-6.248 6.248-6.248 16.379 0 22.627l104 104c6.249 6.249 16.379 6.249 22.628.001z\"><\/path><\/svg>\t\t\t\t\t\t<\/span>\n\t\t\t\t\t\t\t\t\t\t<span class=\"elementor-icon-list-text\">Hender, hals og bryst- gjenoppretter hudens hudtone og elastisitet, reduserer rynker og fine linjer og gj\u00f8r huden fastere.<\/span>\n\t\t\t\t\t\t\t\t\t<\/li>\n\t\t\t\t\t\t\t\t<li class=\"elementor-icon-list-item\">\n\t\t\t\t\t\t\t\t\t\t\t<span class=\"elementor-icon-list-icon\">\n\t\t\t\t\t\t\t<svg aria-hidden=\"true\" class=\"e-font-icon-svg e-fas-check-circle\" viewBox=\"0 0 512 512\" xmlns=\"http:\/\/www.w3.org\/2000\/svg\"><path d=\"M504 256c0 136.967-111.033 248-248 248S8 392.967 8 256 119.033 8 256 8s248 111.033 248 248zM227.314 387.314l184-184c6.248-6.248 6.248-16.379 0-22.627l-22.627-22.627c-6.248-6.249-16.379-6.249-22.628 0L216 308.118l-70.059-70.059c-6.248-6.248-16.379-6.248-22.628 0l-22.627 22.627c-6.248 6.248-6.248 16.379 0 22.627l104 104c6.249 6.249 16.379 6.249 22.628.001z\"><\/path><\/svg>\t\t\t\t\t\t<\/span>\n\t\t\t\t\t\t\t\t\t\t<span class=\"elementor-icon-list-text\">Ansikt- virker oppstrammende, forbedrer hudtonen og elastisiteten, reduserer rynker og fine linjer, hydrerer huden og motvirker slapphet.<\/span>\n\t\t\t\t\t\t\t\t\t<\/li>\n\t\t\t\t\t\t<\/ul>\n\t\t\t\t\t\t<\/div>\n\t\t\t\t<\/div>\n\t\t\t\t<div class=\"elementor-element elementor-element-01609f0 elementor-widget elementor-widget-heading\" data-id=\"01609f0\" data-element_type=\"widget\" data-e-type=\"widget\" data-widget_type=\"heading.default\">\n\t\t\t\t<div class=\"elementor-widget-container\">\n\t\t\t\t\t<h3 class=\"elementor-heading-title elementor-size-default\">Hvor mange behandlinger?<\/h3>\t\t\t\t<\/div>\n\t\t\t\t<\/div>\n\t\t\t\t<div class=\"elementor-element elementor-element-6bbc26a elementor-widget elementor-widget-text-editor\" data-id=\"6bbc26a\" data-element_type=\"widget\" data-e-type=\"widget\" data-widget_type=\"text-editor.default\">\n\t\t\t\t<div class=\"elementor-widget-container\">\n\t\t\t\t\t\t\t\t\t<p>Ameela\u00ae er anbefalt som en kur p\u00e5 2-3 behandlinger, noen kan ha behov for flere behandlinger, dette avhenger bla av hudkvalitet og alder, samt hvor stort behovet er og \u00f8nsket resultat.<\/p><p>Ameela\u00ae vil ogs\u00e5 stimulere huden videre de kommende ukene\/m\u00e5nedene etter behandling, slik at man f\u00e5r en kontinuerlig effekt.<\/p>\t\t\t\t\t\t\t\t<\/div>\n\t\t\t\t<\/div>\n\t\t\t\t<div class=\"elementor-element elementor-element-0cf3851 elementor-widget elementor-widget-heading\" data-id=\"0cf3851\" data-element_type=\"widget\" data-e-type=\"widget\" data-widget_type=\"heading.default\">\n\t\t\t\t<div class=\"elementor-widget-container\">\n\t\t\t\t\t<h3 class=\"elementor-heading-title elementor-size-default\">Vedlikehold:<\/h3>\t\t\t\t<\/div>\n\t\t\t\t<\/div>\n\t\t\t\t<div class=\"elementor-element elementor-element-442dac1 elementor-widget elementor-widget-text-editor\" data-id=\"442dac1\" data-element_type=\"widget\" data-e-type=\"widget\" data-widget_type=\"text-editor.default\">\n\t\t\t\t<div class=\"elementor-widget-container\">\n\t\t\t\t\t\t\t\t\tDet er anbefalt med 1 behandling hver 6-9 mnd.\t\t\t\t\t\t\t\t<\/div>\n\t\t\t\t<\/div>\n\t\t\t\t<div class=\"elementor-element elementor-element-efe6193 elementor-widget elementor-widget-text-editor\" data-id=\"efe6193\" data-element_type=\"widget\" data-e-type=\"widget\" data-widget_type=\"text-editor.default\">\n\t\t\t\t<div class=\"elementor-widget-container\">\n\t\t\t\t\t\t\t\t\t<strong>Er du usikker p\u00e5 om dette er riktig behandling for deg, ta gjerne kontakt for en uforpliktende konsultasjon:)<\/strong>\t\t\t\t\t\t\t\t<\/div>\n\t\t\t\t<\/div>\n\t\t\t\t<div class=\"elementor-element elementor-element-332063d elementor-widget elementor-widget-button\" data-id=\"332063d\" data-element_type=\"widget\" data-e-type=\"widget\" data-widget_type=\"button.default\">\n\t\t\t\t<div class=\"elementor-widget-container\">\n\t\t\t\t\t\t\t\t\t<div class=\"elementor-button-wrapper\">\n\t\t\t\t\t<a class=\"elementor-button elementor-button-link elementor-size-sm\" href=\"https:\/\/engagencyclient.com\/dmhudpleie\/kontakt-oss\/\">\n\t\t\t\t\t\t<span class=\"elementor-button-content-wrapper\">\n\t\t\t\t\t\t<span class=\"elementor-button-icon\">\n\t\t\t\t<svg aria-hidden=\"true\" class=\"e-font-icon-svg e-fas-angle-right\" viewBox=\"0 0 256 512\" xmlns=\"http:\/\/www.w3.org\/2000\/svg\"><path d=\"M224.3 273l-136 136c-9.4 9.4-24.6 9.4-33.9 0l-22.6-22.6c-9.4-9.4-9.4-24.6 0-33.9l96.4-96.4-96.4-96.4c-9.4-9.4-9.4-24.6 0-33.9L54.3 103c9.4-9.4 24.6-9.4 33.9 0l136 136c9.5 9.4 9.5 24.6.1 34z\"><\/path><\/svg>\t\t\t<\/span>\n\t\t\t\t\t\t\t\t\t<span class=\"elementor-button-text\">Kontakt oss<\/span>\n\t\t\t\t\t<\/span>\n\t\t\t\t\t<\/a>\n\t\t\t\t<\/div>\n\t\t\t\t\t\t\t\t<\/div>\n\t\t\t\t<\/div>\n\t\t\t\t<\/div>\n\t\t\t\t\t<\/div>\n\t\t\t\t<\/div>\n\t\t<div class=\"elementor-element elementor-element-44ca5f2 e-flex e-con-boxed e-con e-parent\" data-id=\"44ca5f2\" data-element_type=\"container\" data-e-type=\"container\">\n\t\t\t\t\t<div class=\"e-con-inner\">\n\t\t\t\t<div class=\"elementor-element elementor-element-d9c269e elementor-widget elementor-widget-image-gallery\" data-id=\"d9c269e\" data-element_type=\"widget\" data-e-type=\"widget\" data-widget_type=\"image-gallery.default\">\n\t\t\t\t<div class=\"elementor-widget-container\">\n\t\t\t\t\t\t\t<div class=\"elementor-image-gallery\">\n\t\t\t<div id='gallery-1' class='gallery galleryid-1761 gallery-columns-3 gallery-size-full'><figure class='gallery-item'>\n\t\t\t<div class='gallery-icon landscape'>\n\t\t\t\t<a data-elementor-open-lightbox=\"yes\" data-elementor-lightbox-slideshow=\"d9c269e\" data-elementor-lightbox-title=\"Skjermbilde-2024-04-19-kl\" data-e-action-hash=\"#elementor-action%3Aaction%3Dlightbox%26settings%3DeyJpZCI6MTc3OSwidXJsIjoiaHR0cHM6XC9cL2VuZ2FnZW5jeWNsaWVudC5jb21cL2RtaHVkcGxlaWVcL3dwLWNvbnRlbnRcL3VwbG9hZHNcLzIwMjVcLzA1XC9Ta2plcm1iaWxkZS0yMDI0LTA0LTE5LWtsLndlYnAiLCJzbGlkZXNob3ciOiJkOWMyNjllIn0%3D\" href='https:\/\/engagencyclient.com\/dmhudpleie\/wp-content\/uploads\/2025\/05\/Skjermbilde-2024-04-19-kl.webp'><img decoding=\"async\" width=\"1523\" height=\"1092\" src=\"https:\/\/engagencyclient.com\/dmhudpleie\/wp-content\/uploads\/2025\/05\/Skjermbilde-2024-04-19-kl.webp\" class=\"attachment-full size-full\" alt=\"\" srcset=\"https:\/\/engagencyclient.com\/dmhudpleie\/wp-content\/uploads\/2025\/05\/Skjermbilde-2024-04-19-kl.webp 1523w, https:\/\/engagencyclient.com\/dmhudpleie\/wp-content\/uploads\/2025\/05\/Skjermbilde-2024-04-19-kl-300x215.webp 300w, https:\/\/engagencyclient.com\/dmhudpleie\/wp-content\/uploads\/2025\/05\/Skjermbilde-2024-04-19-kl-1024x734.webp 1024w, https:\/\/engagencyclient.com\/dmhudpleie\/wp-content\/uploads\/2025\/05\/Skjermbilde-2024-04-19-kl-768x551.webp 768w\" sizes=\"(max-width: 1523px) 100vw, 1523px\" \/><\/a>\n\t\t\t<\/div><\/figure><figure class='gallery-item'>\n\t\t\t<div class='gallery-icon landscape'>\n\t\t\t\t<a data-elementor-open-lightbox=\"yes\" data-elementor-lightbox-slideshow=\"d9c269e\" data-elementor-lightbox-title=\"Skjermbilde-2024-04-19\" data-e-action-hash=\"#elementor-action%3Aaction%3Dlightbox%26settings%3DeyJpZCI6MTc3OCwidXJsIjoiaHR0cHM6XC9cL2VuZ2FnZW5jeWNsaWVudC5jb21cL2RtaHVkcGxlaWVcL3dwLWNvbnRlbnRcL3VwbG9hZHNcLzIwMjVcLzA1XC9Ta2plcm1iaWxkZS0yMDI0LTA0LTE5LndlYnAiLCJzbGlkZXNob3ciOiJkOWMyNjllIn0%3D\" href='https:\/\/engagencyclient.com\/dmhudpleie\/wp-content\/uploads\/2025\/05\/Skjermbilde-2024-04-19.webp'><img decoding=\"async\" width=\"1536\" height=\"1152\" src=\"https:\/\/engagencyclient.com\/dmhudpleie\/wp-content\/uploads\/2025\/05\/Skjermbilde-2024-04-19.webp\" class=\"attachment-full size-full\" alt=\"\" srcset=\"https:\/\/engagencyclient.com\/dmhudpleie\/wp-content\/uploads\/2025\/05\/Skjermbilde-2024-04-19.webp 1536w, https:\/\/engagencyclient.com\/dmhudpleie\/wp-content\/uploads\/2025\/05\/Skjermbilde-2024-04-19-300x225.webp 300w, https:\/\/engagencyclient.com\/dmhudpleie\/wp-content\/uploads\/2025\/05\/Skjermbilde-2024-04-19-1024x768.webp 1024w, https:\/\/engagencyclient.com\/dmhudpleie\/wp-content\/uploads\/2025\/05\/Skjermbilde-2024-04-19-768x576.webp 768w\" sizes=\"(max-width: 1536px) 100vw, 1536px\" \/><\/a>\n\t\t\t<\/div><\/figure><figure class='gallery-item'>\n\t\t\t<div class='gallery-icon landscape'>\n\t\t\t\t<a data-elementor-open-lightbox=\"yes\" data-elementor-lightbox-slideshow=\"d9c269e\" data-elementor-lightbox-title=\"Skjermbilde-2024-04-19-kli\" data-e-action-hash=\"#elementor-action%3Aaction%3Dlightbox%26settings%3DeyJpZCI6MTc3NiwidXJsIjoiaHR0cHM6XC9cL2VuZ2FnZW5jeWNsaWVudC5jb21cL2RtaHVkcGxlaWVcL3dwLWNvbnRlbnRcL3VwbG9hZHNcLzIwMjVcLzA1XC9Ta2plcm1iaWxkZS0yMDI0LTA0LTE5LWtsaS53ZWJwIiwic2xpZGVzaG93IjoiZDljMjY5ZSJ9\" href='https:\/\/engagencyclient.com\/dmhudpleie\/wp-content\/uploads\/2025\/05\/Skjermbilde-2024-04-19-kli.webp'><img loading=\"lazy\" decoding=\"async\" width=\"1517\" height=\"1164\" src=\"https:\/\/engagencyclient.com\/dmhudpleie\/wp-content\/uploads\/2025\/05\/Skjermbilde-2024-04-19-kli.webp\" class=\"attachment-full size-full\" alt=\"\" srcset=\"https:\/\/engagencyclient.com\/dmhudpleie\/wp-content\/uploads\/2025\/05\/Skjermbilde-2024-04-19-kli.webp 1517w, https:\/\/engagencyclient.com\/dmhudpleie\/wp-content\/uploads\/2025\/05\/Skjermbilde-2024-04-19-kli-300x230.webp 300w, https:\/\/engagencyclient.com\/dmhudpleie\/wp-content\/uploads\/2025\/05\/Skjermbilde-2024-04-19-kli-1024x786.webp 1024w, https:\/\/engagencyclient.com\/dmhudpleie\/wp-content\/uploads\/2025\/05\/Skjermbilde-2024-04-19-kli-768x589.webp 768w\" sizes=\"(max-width: 1517px) 100vw, 1517px\" \/><\/a>\n\t\t\t<\/div><\/figure>\n\t\t<\/div>\n\t\t<\/div>\n\t\t\t\t\t\t<\/div>\n\t\t\t\t<\/div>\n\t\t\t\t\t<\/div>\n\t\t\t\t<\/div>\n\t\t\t\t<\/div>\n\t\t","protected":false},"excerpt":{"rendered":"<p>Ameela\u00ae Ameela\u00ae er en innovativ injiserbar l\u00f8sning, basert p\u00e5 naturlige polymeriserte polynukleotider. Gjennomfukter huden Stimulerer antioksidanter Reduserer m\u00f8rke ringer og poser Reduserer rynker og fine linjer Behandlingen med Ameela\u00ae er en effektiv m\u00e5te \u00e5 gjennoprette hudens fasthet og elastisitet p\u00e5, og sikrer en sunn hud som beskytter mot frie radikaler og celleskader. Ameela\u00ae trekker til [&hellip;]<\/p>\n","protected":false},"author":1,"featured_media":0,"parent":1669,"menu_order":0,"comment_status":"closed","ping_status":"closed","template":"","meta":{"site-sidebar-layout":"no-sidebar","site-content-layout":"page-builder","ast-site-content-layout":"default","site-content-style":"default","site-sidebar-style":"default","ast-global-header-display":"","ast-banner-title-visibility":"","ast-main-header-display":"","ast-hfb-above-header-display":"","ast-hfb-below-header-display":"","ast-hfb-mobile-header-display":"","site-post-title":"disabled","ast-breadcrumbs-content":"","ast-featured-img":"disabled","footer-sml-layout":"","ast-disable-related-posts":"","theme-transparent-header-meta":"enabled","adv-header-id-meta":"","stick-header-meta":"","header-above-stick-meta":"","header-main-stick-meta":"","header-below-stick-meta":"","astra-migrate-meta-layouts":"default","ast-page-background-enabled":"default","ast-page-background-meta":{"desktop":{"background-color":"","background-image":"","background-repeat":"repeat","background-position":"center center","background-size":"auto","background-attachment":"scroll","background-type":"","background-media":"","overlay-type":"","overlay-color":"","overlay-opacity":"","overlay-gradient":""},"tablet":{"background-color":"","background-image":"","background-repeat":"repeat","background-position":"center center","background-size":"auto","background-attachment":"scroll","background-type":"","background-media":"","overlay-type":"","overlay-color":"","overlay-opacity":"","overlay-gradient":""},"mobile":{"background-color":"","background-image":"","background-repeat":"repeat","background-position":"center center","background-size":"auto","background-attachment":"scroll","background-type":"","background-media":"","overlay-type":"","overlay-color":"","overlay-opacity":"","overlay-gradient":""}},"ast-content-background-meta":{"desktop":{"background-color":"var(--ast-global-color-5)","background-image":"","background-repeat":"repeat","background-position":"center center","background-size":"auto","background-attachment":"scroll","background-type":"","background-media":"","overlay-type":"","overlay-color":"","overlay-opacity":"","overlay-gradient":""},"tablet":{"background-color":"var(--ast-global-color-5)","background-image":"","background-repeat":"repeat","background-position":"center center","background-size":"auto","background-attachment":"scroll","background-type":"","background-media":"","overlay-type":"","overlay-color":"","overlay-opacity":"","overlay-gradient":""},"mobile":{"background-color":"var(--ast-global-color-5)","background-image":"","background-repeat":"repeat","background-position":"center center","background-size":"auto","background-attachment":"scroll","background-type":"","background-media":"","overlay-type":"","overlay-color":"","overlay-opacity":"","overlay-gradient":""}},"footnotes":""},"class_list":["post-1761","page","type-page","status-publish","hentry"],"_links":{"self":[{"href":"https:\/\/engagencyclient.com\/dmhudpleie\/wp-json\/wp\/v2\/pages\/1761","targetHints":{"allow":["GET"]}}],"collection":[{"href":"https:\/\/engagencyclient.com\/dmhudpleie\/wp-json\/wp\/v2\/pages"}],"about":[{"href":"https:\/\/engagencyclient.com\/dmhudpleie\/wp-json\/wp\/v2\/types\/page"}],"author":[{"embeddable":true,"href":"https:\/\/engagencyclient.com\/dmhudpleie\/wp-json\/wp\/v2\/users\/1"}],"replies":[{"embeddable":true,"href":"https:\/\/engagencyclient.com\/dmhudpleie\/wp-json\/wp\/v2\/comments?post=1761"}],"version-history":[{"count":16,"href":"https:\/\/engagencyclient.com\/dmhudpleie\/wp-json\/wp\/v2\/pages\/1761\/revisions"}],"predecessor-version":[{"id":1785,"href":"https:\/\/engagencyclient.com\/dmhudpleie\/wp-json\/wp\/v2\/pages\/1761\/revisions\/1785"}],"up":[{"embeddable":true,"href":"https:\/\/engagencyclient.com\/dmhudpleie\/wp-json\/wp\/v2\/pages\/1669"}],"wp:attachment":[{"href":"https:\/\/engagencyclient.com\/dmhudpleie\/wp-json\/wp\/v2\/media?parent=1761"}],"curies":[{"name":"wp","href":"https:\/\/api.w.org\/{rel}","templated":true}]}}