{"id":1347,"date":"2024-02-08T19:39:38","date_gmt":"2024-02-08T19:39:38","guid":{"rendered":"https:\/\/engagencyclient.com\/lklima\/?page_id=1347"},"modified":"2024-02-19T12:45:10","modified_gmt":"2024-02-19T12:45:10","slug":"service","status":"publish","type":"page","link":"https:\/\/engagencyclient.com\/lklima\/tjenester\/service\/","title":{"rendered":"Service"},"content":{"rendered":"\t\t<div data-elementor-type=\"wp-page\" data-elementor-id=\"1347\" class=\"elementor elementor-1347\" data-elementor-post-type=\"page\">\n\t\t\t\t<div class=\"elementor-element elementor-element-6e391bf e-flex e-con-boxed e-con e-parent\" data-id=\"6e391bf\" data-element_type=\"container\" data-e-type=\"container\" data-settings=\"{&quot;background_background&quot;:&quot;classic&quot;}\">\n\t\t\t\t\t<div class=\"e-con-inner\">\n\t\t<div class=\"elementor-element elementor-element-e76dc5f e-con-full e-flex e-con e-child\" data-id=\"e76dc5f\" data-element_type=\"container\" data-e-type=\"container\">\n\t\t\t\t<div class=\"elementor-element elementor-element-7d7f8d2 elementor-widget elementor-widget-heading\" data-id=\"7d7f8d2\" data-element_type=\"widget\" data-e-type=\"widget\" data-widget_type=\"heading.default\">\n\t\t\t\t<div class=\"elementor-widget-container\">\n\t\t\t\t\t<h6 class=\"elementor-heading-title elementor-size-default\">DIN EKSPERT P\u00c5 KLIMA!\n<\/h6>\t\t\t\t<\/div>\n\t\t\t\t<\/div>\n\t\t\t\t<div class=\"elementor-element elementor-element-9587223 elementor-widget elementor-widget-heading\" data-id=\"9587223\" data-element_type=\"widget\" data-e-type=\"widget\" data-widget_type=\"heading.default\">\n\t\t\t\t<div class=\"elementor-widget-container\">\n\t\t\t\t\t<h1 class=\"elementor-heading-title elementor-size-default\">Service av varmpumpe<\/h1>\t\t\t\t<\/div>\n\t\t\t\t<\/div>\n\t\t\t\t<\/div>\n\t\t\t\t\t<\/div>\n\t\t\t\t<\/div>\n\t\t<div class=\"elementor-element elementor-element-4e774d0 e-flex e-con-boxed e-con e-parent\" data-id=\"4e774d0\" data-element_type=\"container\" data-e-type=\"container\" data-settings=\"{&quot;background_background&quot;:&quot;classic&quot;}\">\n\t\t\t\t\t<div class=\"e-con-inner\">\n\t\t<div class=\"elementor-element elementor-element-9886b0e e-con-full e-flex e-con e-child\" data-id=\"9886b0e\" data-element_type=\"container\" data-e-type=\"container\">\n\t\t<div class=\"elementor-element elementor-element-d7066d7 e-con-full e-flex e-con e-child\" data-id=\"d7066d7\" data-element_type=\"container\" data-e-type=\"container\">\n\t\t<div class=\"elementor-element elementor-element-b9aafff e-con-full e-flex e-con e-child\" data-id=\"b9aafff\" data-element_type=\"container\" data-e-type=\"container\">\n\t\t\t\t<div class=\"elementor-element elementor-element-a04c82f elementor-widget-divider--view-line elementor-widget elementor-widget-divider\" data-id=\"a04c82f\" data-element_type=\"widget\" data-e-type=\"widget\" data-widget_type=\"divider.default\">\n\t\t\t\t<div class=\"elementor-widget-container\">\n\t\t\t\t\t\t\t<div class=\"elementor-divider\">\n\t\t\t<span class=\"elementor-divider-separator\">\n\t\t\t\t\t\t<\/span>\n\t\t<\/div>\n\t\t\t\t\t\t<\/div>\n\t\t\t\t<\/div>\n\t\t\t\t<div class=\"elementor-element elementor-element-f130bd4 elementor-widget elementor-widget-heading\" data-id=\"f130bd4\" data-element_type=\"widget\" data-e-type=\"widget\" data-widget_type=\"heading.default\">\n\t\t\t\t<div class=\"elementor-widget-container\">\n\t\t\t\t\t<h3 class=\"elementor-heading-title elementor-size-default\">Service av din varmepumpe<\/h3>\t\t\t\t<\/div>\n\t\t\t\t<\/div>\n\t\t\t\t<div class=\"elementor-element elementor-element-dc112e2 elementor-widget elementor-widget-text-editor\" data-id=\"dc112e2\" data-element_type=\"widget\" data-e-type=\"widget\" data-widget_type=\"text-editor.default\">\n\t\t\t\t<div class=\"elementor-widget-container\">\n\t\t\t\t\t\t\t\t\t<p>Jevnlig service av din varmepumpe (b\u00e5de inne og utedel) er viktig for at varmepumpen skal fungere optimalt over mange \u00e5r.<\/p><p>Service av varmepumpe tar for seg b\u00e5de inne- og utedelen av enheten<\/p><p><span style=\"text-decoration: underline;\"><strong>Dette gj\u00f8res:<\/strong><\/span><\/p><ul><li>Rengj\u00f8re innedel, rense register (varmeveksler), rense finfilter.<\/li><li>Teste ytelsen og m\u00e5le avgitt effekt fra varmepumpa.<\/li><li>Bytte batterier i fjernkontrollen.<\/li><li>Kontrollere kondensvannslangen<\/li><li>Gj\u00f8re lekkasjekontroll av anlegget og kontrollere at det er tilstrekkelig med arbeidsmedium p\u00e5 anlegget.<\/li><li>Ta en visuell sjekk av varmepumpeanlegget.<\/li><\/ul><p><strong>Service p\u00e5 luft-til-luft-varmepumpe koster 2.200 inkl. mva<\/strong><\/p>\t\t\t\t\t\t\t\t<\/div>\n\t\t\t\t<\/div>\n\t\t\t\t<\/div>\n\t\t\t\t<\/div>\n\t\t\t\t<div class=\"elementor-element elementor-element-ce19d4d elementor-widget elementor-widget-image\" data-id=\"ce19d4d\" data-element_type=\"widget\" data-e-type=\"widget\" data-widget_type=\"image.default\">\n\t\t\t\t<div class=\"elementor-widget-container\">\n\t\t\t\t\t\t\t\t\t\t\t\t\t\t\t<img fetchpriority=\"high\" decoding=\"async\" width=\"1920\" height=\"790\" src=\"https:\/\/engagencyclient.com\/lklima\/wp-content\/uploads\/2024\/02\/slide-2.jpg\" class=\"attachment-full size-full wp-image-1403\" alt=\"\" srcset=\"https:\/\/engagencyclient.com\/lklima\/wp-content\/uploads\/2024\/02\/slide-2.jpg 1920w, https:\/\/engagencyclient.com\/lklima\/wp-content\/uploads\/2024\/02\/slide-2-300x123.jpg 300w, https:\/\/engagencyclient.com\/lklima\/wp-content\/uploads\/2024\/02\/slide-2-1024x421.jpg 1024w, https:\/\/engagencyclient.com\/lklima\/wp-content\/uploads\/2024\/02\/slide-2-768x316.jpg 768w, https:\/\/engagencyclient.com\/lklima\/wp-content\/uploads\/2024\/02\/slide-2-1536x632.jpg 1536w, https:\/\/engagencyclient.com\/lklima\/wp-content\/uploads\/2024\/02\/slide-2-600x247.jpg 600w\" sizes=\"(max-width: 1920px) 100vw, 1920px\" \/>\t\t\t\t\t\t\t\t\t\t\t\t\t\t\t<\/div>\n\t\t\t\t<\/div>\n\t\t\t\t<\/div>\n\t\t\t\t\t<\/div>\n\t\t\t\t<\/div>\n\t\t\t\t<\/div>\n\t\t","protected":false},"excerpt":{"rendered":"<p>DIN EKSPERT P\u00c5 KLIMA! Service av varmpumpe Service av din varmepumpe Jevnlig service av din varmepumpe (b\u00e5de inne og utedel) er viktig for at varmepumpen skal fungere optimalt over mange \u00e5r. Service av varmepumpe tar for seg b\u00e5de inne- og utedelen av enheten Dette gj\u00f8res: Rengj\u00f8re innedel, rense register (varmeveksler), rense finfilter. Teste ytelsen og [&hellip;]<\/p>\n","protected":false},"author":1,"featured_media":0,"parent":1341,"menu_order":0,"comment_status":"closed","ping_status":"closed","template":"","meta":{"site-sidebar-layout":"no-sidebar","site-content-layout":"page-builder","ast-site-content-layout":"full-width-container","site-content-style":"default","site-sidebar-style":"default","ast-global-header-display":"","ast-banner-title-visibility":"","ast-main-header-display":"","ast-hfb-above-header-display":"","ast-hfb-below-header-display":"","ast-hfb-mobile-header-display":"","site-post-title":"disabled","ast-breadcrumbs-content":"","ast-featured-img":"disabled","footer-sml-layout":"","ast-disable-related-posts":"","theme-transparent-header-meta":"default","adv-header-id-meta":"","stick-header-meta":"","header-above-stick-meta":"","header-main-stick-meta":"","header-below-stick-meta":"","astra-migrate-meta-layouts":"set","ast-page-background-enabled":"default","ast-page-background-meta":{"desktop":{"background-color":"var(--ast-global-color-4)","background-image":"","background-repeat":"repeat","background-position":"center center","background-size":"auto","background-attachment":"scroll","background-type":"","background-media":"","overlay-type":"","overlay-color":"","overlay-opacity":"","overlay-gradient":""},"tablet":{"background-color":"","background-image":"","background-repeat":"repeat","background-position":"center center","background-size":"auto","background-attachment":"scroll","background-type":"","background-media":"","overlay-type":"","overlay-color":"","overlay-opacity":"","overlay-gradient":""},"mobile":{"background-color":"","background-image":"","background-repeat":"repeat","background-position":"center center","background-size":"auto","background-attachment":"scroll","background-type":"","background-media":"","overlay-type":"","overlay-color":"","overlay-opacity":"","overlay-gradient":""}},"ast-content-background-meta":{"desktop":{"background-color":"var(--ast-global-color-5)","background-image":"","background-repeat":"repeat","background-position":"center center","background-size":"auto","background-attachment":"scroll","background-type":"","background-media":"","overlay-type":"","overlay-color":"","overlay-opacity":"","overlay-gradient":""},"tablet":{"background-color":"var(--ast-global-color-5)","background-image":"","background-repeat":"repeat","background-position":"center center","background-size":"auto","background-attachment":"scroll","background-type":"","background-media":"","overlay-type":"","overlay-color":"","overlay-opacity":"","overlay-gradient":""},"mobile":{"background-color":"var(--ast-global-color-5)","background-image":"","background-repeat":"repeat","background-position":"center center","background-size":"auto","background-attachment":"scroll","background-type":"","background-media":"","overlay-type":"","overlay-color":"","overlay-opacity":"","overlay-gradient":""}},"footnotes":""},"class_list":["post-1347","page","type-page","status-publish","hentry"],"_links":{"self":[{"href":"https:\/\/engagencyclient.com\/lklima\/wp-json\/wp\/v2\/pages\/1347","targetHints":{"allow":["GET"]}}],"collection":[{"href":"https:\/\/engagencyclient.com\/lklima\/wp-json\/wp\/v2\/pages"}],"about":[{"href":"https:\/\/engagencyclient.com\/lklima\/wp-json\/wp\/v2\/types\/page"}],"author":[{"embeddable":true,"href":"https:\/\/engagencyclient.com\/lklima\/wp-json\/wp\/v2\/users\/1"}],"replies":[{"embeddable":true,"href":"https:\/\/engagencyclient.com\/lklima\/wp-json\/wp\/v2\/comments?post=1347"}],"version-history":[{"count":16,"href":"https:\/\/engagencyclient.com\/lklima\/wp-json\/wp\/v2\/pages\/1347\/revisions"}],"predecessor-version":[{"id":1576,"href":"https:\/\/engagencyclient.com\/lklima\/wp-json\/wp\/v2\/pages\/1347\/revisions\/1576"}],"up":[{"embeddable":true,"href":"https:\/\/engagencyclient.com\/lklima\/wp-json\/wp\/v2\/pages\/1341"}],"wp:attachment":[{"href":"https:\/\/engagencyclient.com\/lklima\/wp-json\/wp\/v2\/media?parent=1347"}],"curies":[{"name":"wp","href":"https:\/\/api.w.org\/{rel}","templated":true}]}}