{"id":1469,"date":"2024-02-12T18:04:19","date_gmt":"2024-02-12T18:04:19","guid":{"rendered":"https:\/\/engagencyclient.com\/lklima\/?post_type=product&#038;p=1469"},"modified":"2024-05-21T14:40:56","modified_gmt":"2024-05-21T14:40:56","slug":"gussuri","status":"publish","type":"product","link":"https:\/\/engagencyclient.com\/lklima\/product\/gussuri\/","title":{"rendered":"Gussuri 4600"},"content":{"rendered":"","protected":false},"excerpt":{"rendered":"<p>Gussuri er en varmepumpe du nesten ikke legger merke til.<br \/>\nModellen er ekstremt stilleg\u00e5ende og kompakt, og gir et behagelig og svalt innemilj\u00f8 p\u00e5 varme sommerdager. Med sine stilrene linjer og matte finish kler den et hvert moderne hjem.<\/p>\n<p>P\u00e5 japansk betyr Gussuri \u00ab\u00e5 sove godt\u00bb, og det er akkurat det varmepumpen lar deg gj\u00f8re. Med nattmodus er du garantert en god natts s\u00f8vn, i behagelige omgivelser, uten forstyrrelser.<\/p>\n","protected":false},"featured_media":1689,"comment_status":"open","ping_status":"closed","template":"","meta":{"site-sidebar-layout":"default","site-content-layout":"content-boxed-container","ast-site-content-layout":"normal-width-container","site-content-style":"boxed","site-sidebar-style":"unboxed","ast-global-header-display":"","ast-banner-title-visibility":"","ast-main-header-display":"","ast-hfb-above-header-display":"","ast-hfb-below-header-display":"","ast-hfb-mobile-header-display":"","site-post-title":"","ast-breadcrumbs-content":"","ast-featured-img":"","footer-sml-layout":"","ast-disable-related-posts":"","theme-transparent-header-meta":"default","adv-header-id-meta":"","stick-header-meta":"default","header-above-stick-meta":"","header-main-stick-meta":"","header-below-stick-meta":"","astra-migrate-meta-layouts":"set","ast-page-background-enabled":"default","ast-page-background-meta":{"desktop":{"background-color":"var(--ast-global-color-4)","background-image":"","background-repeat":"repeat","background-position":"center center","background-size":"auto","background-attachment":"scroll","background-type":"","background-media":"","overlay-type":"","overlay-color":"","overlay-opacity":"","overlay-gradient":""},"tablet":{"background-color":"","background-image":"","background-repeat":"repeat","background-position":"center center","background-size":"auto","background-attachment":"scroll","background-type":"","background-media":"","overlay-type":"","overlay-color":"","overlay-opacity":"","overlay-gradient":""},"mobile":{"background-color":"","background-image":"","background-repeat":"repeat","background-position":"center center","background-size":"auto","background-attachment":"scroll","background-type":"","background-media":"","overlay-type":"","overlay-color":"","overlay-opacity":"","overlay-gradient":""}},"ast-content-background-meta":{"desktop":{"background-color":"var(--ast-global-color-5)","background-image":"","background-repeat":"repeat","background-position":"center center","background-size":"auto","background-attachment":"scroll","background-type":"","background-media":"","overlay-type":"","overlay-color":"","overlay-opacity":"","overlay-gradient":""},"tablet":{"background-color":"var(--ast-global-color-5)","background-image":"","background-repeat":"repeat","background-position":"center center","background-size":"auto","background-attachment":"scroll","background-type":"","background-media":"","overlay-type":"","overlay-color":"","overlay-opacity":"","overlay-gradient":""},"mobile":{"background-color":"var(--ast-global-color-5)","background-image":"","background-repeat":"repeat","background-position":"center center","background-size":"auto","background-attachment":"scroll","background-type":"","background-media":"","overlay-type":"","overlay-color":"","overlay-opacity":"","overlay-gradient":""}}},"product_brand":[],"product_cat":[35],"product_tag":[],"class_list":{"0":"post-1469","1":"product","2":"type-product","3":"status-publish","4":"has-post-thumbnail","6":"product_cat-mitsubishi","7":"desktop-align-left","8":"tablet-align-left","9":"mobile-align-left","11":"first","12":"instock","13":"shipping-taxable","14":"purchasable","15":"product-type-simple"},"_links":{"self":[{"href":"https:\/\/engagencyclient.com\/lklima\/wp-json\/wp\/v2\/product\/1469","targetHints":{"allow":["GET"]}}],"collection":[{"href":"https:\/\/engagencyclient.com\/lklima\/wp-json\/wp\/v2\/product"}],"about":[{"href":"https:\/\/engagencyclient.com\/lklima\/wp-json\/wp\/v2\/types\/product"}],"replies":[{"embeddable":true,"href":"https:\/\/engagencyclient.com\/lklima\/wp-json\/wp\/v2\/comments?post=1469"}],"version-history":[{"count":4,"href":"https:\/\/engagencyclient.com\/lklima\/wp-json\/wp\/v2\/product\/1469\/revisions"}],"predecessor-version":[{"id":1937,"href":"https:\/\/engagencyclient.com\/lklima\/wp-json\/wp\/v2\/product\/1469\/revisions\/1937"}],"wp:featuredmedia":[{"embeddable":true,"href":"https:\/\/engagencyclient.com\/lklima\/wp-json\/wp\/v2\/media\/1689"}],"wp:attachment":[{"href":"https:\/\/engagencyclient.com\/lklima\/wp-json\/wp\/v2\/media?parent=1469"}],"wp:term":[{"taxonomy":"product_brand","embeddable":true,"href":"https:\/\/engagencyclient.com\/lklima\/wp-json\/wp\/v2\/product_brand?post=1469"},{"taxonomy":"product_cat","embeddable":true,"href":"https:\/\/engagencyclient.com\/lklima\/wp-json\/wp\/v2\/product_cat?post=1469"},{"taxonomy":"product_tag","embeddable":true,"href":"https:\/\/engagencyclient.com\/lklima\/wp-json\/wp\/v2\/product_tag?post=1469"}],"curies":[{"name":"wp","href":"https:\/\/api.w.org\/{rel}","templated":true}]}}