{"id":1727,"date":"2024-02-21T09:40:04","date_gmt":"2024-02-21T09:40:04","guid":{"rendered":"https:\/\/engagencyclient.com\/lklima\/?post_type=product&#038;p=1727"},"modified":"2024-02-21T09:42:59","modified_gmt":"2024-02-21T09:42:59","slug":"varmepumpe-fujitsu-comfort-4-0","status":"publish","type":"product","link":"https:\/\/engagencyclient.com\/lklima\/product\/varmepumpe-fujitsu-comfort-4-0\/","title":{"rendered":"Varmepumpe \u2013 Fujitsu Comfort 4.0"},"content":{"rendered":"","protected":false},"excerpt":{"rendered":"<h3>Mye varmepumpe for pengene<\/h3>\n<p>Dette er varmepumpen som med sitt avrundete design og budsjettvennlige pris passer perfekt i mindre boliger, loftstue, kjeller eller i garasjen. Om det er varme eller kj\u00f8ling du \u00f8nsker deg, s\u00e5 gj\u00f8r denne varmepumpen jobben. Fujitsu Comfort jobber rolig og er rimelig i drift.<\/p>\n<h3>H\u00f8y energiklasse<\/h3>\n<p>Fujitsu Comfort er en stilleg\u00e5ende varmepumpe med h\u00f8y komfort og god drifts\u00f8konomi. Varmepumpen oppn\u00e5r beste energiklasse innenfor sin spesifikasjon.<\/p>\n<h3>Sommer- eller vinterbris<\/h3>\n<p>Varmepumpens optimale luftstr\u00f8mstruktur gir komfortabel luftstr\u00f8m helt ned til gulvet enten du bruker den til kalde vinterdager eller kj\u00f8ling p\u00e5 varme sommerdager.<\/p>\n<h3>Full kontroll der du er<\/h3>\n<p>Et eget WiFi-adapter gj\u00f8r det mulig \u00e5 betjene varmepumpen direkte fra din smarttelefon, PC eller nettbrett. WiFi-adapteret er ekstrautstyr som kan bestilles og installeres sammen med montering av varmepumpen.<\/p>\n<ul>\n<li>Budsjettvinner i sin klasse!<\/li>\n<li>Perfekt til mindre boliger, loftstue eller kjeller<\/li>\n<li>Sv\u00e6rt god drifts\u00f8konomi hele \u00e5ret<\/li>\n<li>Elegant og meget st\u00f8ysvak<\/li>\n<\/ul>\n","protected":false},"featured_media":1728,"comment_status":"open","ping_status":"closed","template":"","meta":{"site-sidebar-layout":"default","site-content-layout":"content-boxed-container","ast-site-content-layout":"normal-width-container","site-content-style":"boxed","site-sidebar-style":"unboxed","ast-global-header-display":"","ast-banner-title-visibility":"","ast-main-header-display":"","ast-hfb-above-header-display":"","ast-hfb-below-header-display":"","ast-hfb-mobile-header-display":"","site-post-title":"","ast-breadcrumbs-content":"","ast-featured-img":"","footer-sml-layout":"","ast-disable-related-posts":"","theme-transparent-header-meta":"default","adv-header-id-meta":"","stick-header-meta":"default","header-above-stick-meta":"","header-main-stick-meta":"","header-below-stick-meta":"","astra-migrate-meta-layouts":"set","ast-page-background-enabled":"default","ast-page-background-meta":{"desktop":{"background-color":"var(--ast-global-color-4)","background-image":"","background-repeat":"repeat","background-position":"center center","background-size":"auto","background-attachment":"scroll","background-type":"","background-media":"","overlay-type":"","overlay-color":"","overlay-opacity":"","overlay-gradient":""},"tablet":{"background-color":"","background-image":"","background-repeat":"repeat","background-position":"center center","background-size":"auto","background-attachment":"scroll","background-type":"","background-media":"","overlay-type":"","overlay-color":"","overlay-opacity":"","overlay-gradient":""},"mobile":{"background-color":"","background-image":"","background-repeat":"repeat","background-position":"center center","background-size":"auto","background-attachment":"scroll","background-type":"","background-media":"","overlay-type":"","overlay-color":"","overlay-opacity":"","overlay-gradient":""}},"ast-content-background-meta":{"desktop":{"background-color":"var(--ast-global-color-5)","background-image":"","background-repeat":"repeat","background-position":"center center","background-size":"auto","background-attachment":"scroll","background-type":"","background-media":"","overlay-type":"","overlay-color":"","overlay-opacity":"","overlay-gradient":""},"tablet":{"background-color":"var(--ast-global-color-5)","background-image":"","background-repeat":"repeat","background-position":"center center","background-size":"auto","background-attachment":"scroll","background-type":"","background-media":"","overlay-type":"","overlay-color":"","overlay-opacity":"","overlay-gradient":""},"mobile":{"background-color":"var(--ast-global-color-5)","background-image":"","background-repeat":"repeat","background-position":"center center","background-size":"auto","background-attachment":"scroll","background-type":"","background-media":"","overlay-type":"","overlay-color":"","overlay-opacity":"","overlay-gradient":""}}},"product_brand":[],"product_cat":[36],"product_tag":[],"class_list":{"0":"post-1727","1":"product","2":"type-product","3":"status-publish","4":"has-post-thumbnail","6":"product_cat-fujitsu","7":"desktop-align-left","8":"tablet-align-left","9":"mobile-align-left","11":"first","12":"instock","13":"shipping-taxable","14":"purchasable","15":"product-type-simple"},"_links":{"self":[{"href":"https:\/\/engagencyclient.com\/lklima\/wp-json\/wp\/v2\/product\/1727","targetHints":{"allow":["GET"]}}],"collection":[{"href":"https:\/\/engagencyclient.com\/lklima\/wp-json\/wp\/v2\/product"}],"about":[{"href":"https:\/\/engagencyclient.com\/lklima\/wp-json\/wp\/v2\/types\/product"}],"replies":[{"embeddable":true,"href":"https:\/\/engagencyclient.com\/lklima\/wp-json\/wp\/v2\/comments?post=1727"}],"version-history":[{"count":1,"href":"https:\/\/engagencyclient.com\/lklima\/wp-json\/wp\/v2\/product\/1727\/revisions"}],"predecessor-version":[{"id":1729,"href":"https:\/\/engagencyclient.com\/lklima\/wp-json\/wp\/v2\/product\/1727\/revisions\/1729"}],"wp:featuredmedia":[{"embeddable":true,"href":"https:\/\/engagencyclient.com\/lklima\/wp-json\/wp\/v2\/media\/1728"}],"wp:attachment":[{"href":"https:\/\/engagencyclient.com\/lklima\/wp-json\/wp\/v2\/media?parent=1727"}],"wp:term":[{"taxonomy":"product_brand","embeddable":true,"href":"https:\/\/engagencyclient.com\/lklima\/wp-json\/wp\/v2\/product_brand?post=1727"},{"taxonomy":"product_cat","embeddable":true,"href":"https:\/\/engagencyclient.com\/lklima\/wp-json\/wp\/v2\/product_cat?post=1727"},{"taxonomy":"product_tag","embeddable":true,"href":"https:\/\/engagencyclient.com\/lklima\/wp-json\/wp\/v2\/product_tag?post=1727"}],"curies":[{"name":"wp","href":"https:\/\/api.w.org\/{rel}","templated":true}]}}