{"id":1829,"date":"2024-02-21T14:10:33","date_gmt":"2024-02-21T14:10:33","guid":{"rendered":"https:\/\/engagencyclient.com\/lklima\/?post_type=product&#038;p=1829"},"modified":"2024-05-21T14:45:09","modified_gmt":"2024-05-21T14:45:09","slug":"zen","status":"publish","type":"product","link":"https:\/\/engagencyclient.com\/lklima\/product\/zen\/","title":{"rendered":"Zen"},"content":{"rendered":"","protected":false},"excerpt":{"rendered":"<p>ZEN designvarmepumpe kombinerer det ypperste av design og teknikk \u2013 slik at du kan tilf\u00f8re et designelement til hjemmet ditt med \u00f8kt komfort og redusert str\u00f8mregning. V\u00e5r prisvinnende designmodell leveres i tre farger: hvit, s\u00f8lv og sort. Du kan finne en innedel som passer enhver rominnredning og gj\u00f8r atmosf\u00e6ren stilig. Innedelen er ogs\u00e5 supertynn og stilleg\u00e5ende. Hvit innedel leveres med hvit fjernkontroll. S\u00f8lv og sort innedel leveres med sort fjernkontroll. ZEN benytter kj\u00f8lemediet R32 som gir lavere GWP-verdi (Global Warming Potential) og er bra for b\u00e5de milj\u00f8et og deg.<\/p>\n<p><strong>Supertynn og effektiv<\/strong><\/p>\n<p>ZEN designvarmepumpe har en supertynn innedel p\u00e5 kun 19,5cm. Luftspjeldene er designet slik at den er like tynn n\u00e5r varmepumpen er i drift. Til tross for sin tynne innedel har den likevel fabrikkgarantert varmekapasitet ned til -20\u00b0C og en SCOP p\u00e5 4,5. ZEN har ogs\u00e5 viftemodus (Fan Mode) der kun viften g\u00e5r. Dette gj\u00f8r den perfekt til \u00e5 spre varmen fra peis eller ovn.<\/p>\n<p>Du legger kanskje ikke merke til at rommet du befinner deg i er temperert for at du skal trives, n\u00e5r du er der. Men det p\u00e5virker alle valgene du tar. Og hvordan du har det hjemme.<\/p>\n","protected":false},"featured_media":1830,"comment_status":"open","ping_status":"closed","template":"","meta":{"site-sidebar-layout":"default","site-content-layout":"content-boxed-container","ast-site-content-layout":"normal-width-container","site-content-style":"boxed","site-sidebar-style":"unboxed","ast-global-header-display":"","ast-banner-title-visibility":"","ast-main-header-display":"","ast-hfb-above-header-display":"","ast-hfb-below-header-display":"","ast-hfb-mobile-header-display":"","site-post-title":"","ast-breadcrumbs-content":"","ast-featured-img":"","footer-sml-layout":"","ast-disable-related-posts":"","theme-transparent-header-meta":"default","adv-header-id-meta":"","stick-header-meta":"default","header-above-stick-meta":"","header-main-stick-meta":"","header-below-stick-meta":"","astra-migrate-meta-layouts":"set","ast-page-background-enabled":"default","ast-page-background-meta":{"desktop":{"background-color":"var(--ast-global-color-4)","background-image":"","background-repeat":"repeat","background-position":"center center","background-size":"auto","background-attachment":"scroll","background-type":"","background-media":"","overlay-type":"","overlay-color":"","overlay-opacity":"","overlay-gradient":""},"tablet":{"background-color":"","background-image":"","background-repeat":"repeat","background-position":"center center","background-size":"auto","background-attachment":"scroll","background-type":"","background-media":"","overlay-type":"","overlay-color":"","overlay-opacity":"","overlay-gradient":""},"mobile":{"background-color":"","background-image":"","background-repeat":"repeat","background-position":"center center","background-size":"auto","background-attachment":"scroll","background-type":"","background-media":"","overlay-type":"","overlay-color":"","overlay-opacity":"","overlay-gradient":""}},"ast-content-background-meta":{"desktop":{"background-color":"var(--ast-global-color-5)","background-image":"","background-repeat":"repeat","background-position":"center center","background-size":"auto","background-attachment":"scroll","background-type":"","background-media":"","overlay-type":"","overlay-color":"","overlay-opacity":"","overlay-gradient":""},"tablet":{"background-color":"var(--ast-global-color-5)","background-image":"","background-repeat":"repeat","background-position":"center center","background-size":"auto","background-attachment":"scroll","background-type":"","background-media":"","overlay-type":"","overlay-color":"","overlay-opacity":"","overlay-gradient":""},"mobile":{"background-color":"var(--ast-global-color-5)","background-image":"","background-repeat":"repeat","background-position":"center center","background-size":"auto","background-attachment":"scroll","background-type":"","background-media":"","overlay-type":"","overlay-color":"","overlay-opacity":"","overlay-gradient":""}}},"product_brand":[],"product_cat":[35],"product_tag":[],"class_list":{"0":"post-1829","1":"product","2":"type-product","3":"status-publish","4":"has-post-thumbnail","6":"product_cat-mitsubishi","7":"desktop-align-left","8":"tablet-align-left","9":"mobile-align-left","11":"first","12":"instock","13":"shipping-taxable","14":"purchasable","15":"product-type-simple"},"_links":{"self":[{"href":"https:\/\/engagencyclient.com\/lklima\/wp-json\/wp\/v2\/product\/1829","targetHints":{"allow":["GET"]}}],"collection":[{"href":"https:\/\/engagencyclient.com\/lklima\/wp-json\/wp\/v2\/product"}],"about":[{"href":"https:\/\/engagencyclient.com\/lklima\/wp-json\/wp\/v2\/types\/product"}],"replies":[{"embeddable":true,"href":"https:\/\/engagencyclient.com\/lklima\/wp-json\/wp\/v2\/comments?post=1829"}],"version-history":[{"count":1,"href":"https:\/\/engagencyclient.com\/lklima\/wp-json\/wp\/v2\/product\/1829\/revisions"}],"predecessor-version":[{"id":1831,"href":"https:\/\/engagencyclient.com\/lklima\/wp-json\/wp\/v2\/product\/1829\/revisions\/1831"}],"wp:featuredmedia":[{"embeddable":true,"href":"https:\/\/engagencyclient.com\/lklima\/wp-json\/wp\/v2\/media\/1830"}],"wp:attachment":[{"href":"https:\/\/engagencyclient.com\/lklima\/wp-json\/wp\/v2\/media?parent=1829"}],"wp:term":[{"taxonomy":"product_brand","embeddable":true,"href":"https:\/\/engagencyclient.com\/lklima\/wp-json\/wp\/v2\/product_brand?post=1829"},{"taxonomy":"product_cat","embeddable":true,"href":"https:\/\/engagencyclient.com\/lklima\/wp-json\/wp\/v2\/product_cat?post=1829"},{"taxonomy":"product_tag","embeddable":true,"href":"https:\/\/engagencyclient.com\/lklima\/wp-json\/wp\/v2\/product_tag?post=1829"}],"curies":[{"name":"wp","href":"https:\/\/api.w.org\/{rel}","templated":true}]}}