{"id":1941,"date":"2024-05-21T14:42:50","date_gmt":"2024-05-21T14:42:50","guid":{"rendered":"https:\/\/engagencyclient.com\/lklima\/?post_type=product&#038;p=1941"},"modified":"2024-05-21T14:43:05","modified_gmt":"2024-05-21T14:43:05","slug":"kaiteki-6300","status":"publish","type":"product","link":"https:\/\/engagencyclient.com\/lklima\/product\/kaiteki-6300\/","title":{"rendered":"Kaiteki 6300"},"content":{"rendered":"","protected":false},"excerpt":{"rendered":"<p>P\u00e5 japansk betyr Kaiteki \u00abkomfortabel\u00bb. Kaiteki gir deg kraftig varmekapasitet og unike komfortfunksjoner i et tidl\u00f8st design. Samtidig er modellen energieffektiv og kostnadsbesparende. Kaiteki leveres i 3 st\u00f8rrelser: Kaiteki 6300, Kaiteki 6600 og Kaiteki 8700, og innedelene kan velges i 4 unike farger. Med en \u00e5rsvarmefaktor (SCOP) p\u00e5 5,2 produserer Kaiteki 6300 hele 5,2 ganger mer varme enn elektrisk oppvarming, og du vil kutte vesentlig p\u00e5 oppvarmingskostnadene. Kaiteki leveres med innebygd WiFi, mye teknologi, og har selvf\u00f8lgelig ypperlig kj\u00f8lefunksjon. Benyttes Kaiteki 6300 som aircondition har den en gjennomsnittlig kj\u00f8lefaktor (SEER) p\u00e5 10,5. Dette gj\u00f8r at kj\u00f8lekomfort blir rimelig p\u00e5 varme sommerdager.<\/p>\n","protected":false},"featured_media":1819,"comment_status":"open","ping_status":"closed","template":"","meta":{"site-sidebar-layout":"default","site-content-layout":"content-boxed-container","ast-site-content-layout":"normal-width-container","site-content-style":"boxed","site-sidebar-style":"unboxed","ast-global-header-display":"","ast-banner-title-visibility":"","ast-main-header-display":"","ast-hfb-above-header-display":"","ast-hfb-below-header-display":"","ast-hfb-mobile-header-display":"","site-post-title":"","ast-breadcrumbs-content":"","ast-featured-img":"","footer-sml-layout":"","ast-disable-related-posts":"","theme-transparent-header-meta":"default","adv-header-id-meta":"","stick-header-meta":"default","header-above-stick-meta":"","header-main-stick-meta":"","header-below-stick-meta":"","astra-migrate-meta-layouts":"set","ast-page-background-enabled":"default","ast-page-background-meta":{"desktop":{"background-color":"var(--ast-global-color-4)","background-image":"","background-repeat":"repeat","background-position":"center center","background-size":"auto","background-attachment":"scroll","background-type":"","background-media":"","overlay-type":"","overlay-color":"","overlay-opacity":"","overlay-gradient":""},"tablet":{"background-color":"","background-image":"","background-repeat":"repeat","background-position":"center center","background-size":"auto","background-attachment":"scroll","background-type":"","background-media":"","overlay-type":"","overlay-color":"","overlay-opacity":"","overlay-gradient":""},"mobile":{"background-color":"","background-image":"","background-repeat":"repeat","background-position":"center center","background-size":"auto","background-attachment":"scroll","background-type":"","background-media":"","overlay-type":"","overlay-color":"","overlay-opacity":"","overlay-gradient":""}},"ast-content-background-meta":{"desktop":{"background-color":"var(--ast-global-color-5)","background-image":"","background-repeat":"repeat","background-position":"center center","background-size":"auto","background-attachment":"scroll","background-type":"","background-media":"","overlay-type":"","overlay-color":"","overlay-opacity":"","overlay-gradient":""},"tablet":{"background-color":"var(--ast-global-color-5)","background-image":"","background-repeat":"repeat","background-position":"center center","background-size":"auto","background-attachment":"scroll","background-type":"","background-media":"","overlay-type":"","overlay-color":"","overlay-opacity":"","overlay-gradient":""},"mobile":{"background-color":"var(--ast-global-color-5)","background-image":"","background-repeat":"repeat","background-position":"center center","background-size":"auto","background-attachment":"scroll","background-type":"","background-media":"","overlay-type":"","overlay-color":"","overlay-opacity":"","overlay-gradient":""}}},"product_brand":[],"product_cat":[35],"product_tag":[],"class_list":{"0":"post-1941","1":"product","2":"type-product","3":"status-publish","4":"has-post-thumbnail","6":"product_cat-mitsubishi","7":"desktop-align-left","8":"tablet-align-left","9":"mobile-align-left","11":"first","12":"instock","13":"shipping-taxable","14":"purchasable","15":"product-type-simple"},"_links":{"self":[{"href":"https:\/\/engagencyclient.com\/lklima\/wp-json\/wp\/v2\/product\/1941","targetHints":{"allow":["GET"]}}],"collection":[{"href":"https:\/\/engagencyclient.com\/lklima\/wp-json\/wp\/v2\/product"}],"about":[{"href":"https:\/\/engagencyclient.com\/lklima\/wp-json\/wp\/v2\/types\/product"}],"replies":[{"embeddable":true,"href":"https:\/\/engagencyclient.com\/lklima\/wp-json\/wp\/v2\/comments?post=1941"}],"version-history":[{"count":1,"href":"https:\/\/engagencyclient.com\/lklima\/wp-json\/wp\/v2\/product\/1941\/revisions"}],"predecessor-version":[{"id":1942,"href":"https:\/\/engagencyclient.com\/lklima\/wp-json\/wp\/v2\/product\/1941\/revisions\/1942"}],"wp:featuredmedia":[{"embeddable":true,"href":"https:\/\/engagencyclient.com\/lklima\/wp-json\/wp\/v2\/media\/1819"}],"wp:attachment":[{"href":"https:\/\/engagencyclient.com\/lklima\/wp-json\/wp\/v2\/media?parent=1941"}],"wp:term":[{"taxonomy":"product_brand","embeddable":true,"href":"https:\/\/engagencyclient.com\/lklima\/wp-json\/wp\/v2\/product_brand?post=1941"},{"taxonomy":"product_cat","embeddable":true,"href":"https:\/\/engagencyclient.com\/lklima\/wp-json\/wp\/v2\/product_cat?post=1941"},{"taxonomy":"product_tag","embeddable":true,"href":"https:\/\/engagencyclient.com\/lklima\/wp-json\/wp\/v2\/product_tag?post=1941"}],"curies":[{"name":"wp","href":"https:\/\/api.w.org\/{rel}","templated":true}]}}