{"id":1588,"date":"2025-01-23T08:15:50","date_gmt":"2025-01-23T08:15:50","guid":{"rendered":"https:\/\/engagencyclient.com\/nordictacticalsupplies\/?page_id=1588"},"modified":"2025-06-12T13:32:57","modified_gmt":"2025-06-12T13:32:57","slug":"politi","status":"publish","type":"page","link":"https:\/\/engagencyclient.com\/nordictacticalsupplies\/politi\/","title":{"rendered":"Politi"},"content":{"rendered":"\t\t<div data-elementor-type=\"wp-page\" data-elementor-id=\"1588\" class=\"elementor elementor-1588\">\n\t\t\t\t<div class=\"elementor-element elementor-element-c42482f e-flex e-con-boxed e-con e-parent\" data-id=\"c42482f\" data-element_type=\"container\" data-e-type=\"container\" data-settings=\"{&quot;background_background&quot;:&quot;classic&quot;}\">\n\t\t\t\t\t<div class=\"e-con-inner\">\n\t\t<div class=\"elementor-element elementor-element-9c2a27b e-con-full e-flex e-con e-child\" data-id=\"9c2a27b\" data-element_type=\"container\" data-e-type=\"container\">\n\t\t\t\t<div class=\"elementor-element elementor-element-57cbec7 elementor-widget elementor-widget-heading\" data-id=\"57cbec7\" data-element_type=\"widget\" data-e-type=\"widget\" data-widget_type=\"heading.default\">\n\t\t\t\t<div class=\"elementor-widget-container\">\n\t\t\t\t\t<h2 class=\"elementor-heading-title elementor-size-default\">Politi <\/h2>\t\t\t\t<\/div>\n\t\t\t\t<\/div>\n\t\t\t\t<div class=\"elementor-element elementor-element-f04b33f elementor-widget-divider--view-line elementor-widget elementor-widget-divider\" data-id=\"f04b33f\" data-element_type=\"widget\" data-e-type=\"widget\" data-widget_type=\"divider.default\">\n\t\t\t\t<div class=\"elementor-widget-container\">\n\t\t\t\t\t\t\t<div class=\"elementor-divider\">\n\t\t\t<span class=\"elementor-divider-separator\">\n\t\t\t\t\t\t<\/span>\n\t\t<\/div>\n\t\t\t\t\t\t<\/div>\n\t\t\t\t<\/div>\n\t\t\t\t<div class=\"elementor-element elementor-element-7b8f251 elementor-widget elementor-widget-heading\" data-id=\"7b8f251\" data-element_type=\"widget\" data-e-type=\"widget\" data-widget_type=\"heading.default\">\n\t\t\t\t<div class=\"elementor-widget-container\">\n\t\t\t\t\t<span class=\"elementor-heading-title elementor-size-default\">For fagfolk innen rettsh\u00e5ndhevelse tilbyr vi h\u00f8yytelses taktisk utstyr som gir p\u00e5litelig beskyttelse og overlegen mobilitet. Enten du er p\u00e5 patrulje eller i felten, hjelper utstyret v\u00e5rt deg med \u00e5 yte ditt beste.<\/span>\t\t\t\t<\/div>\n\t\t\t\t<\/div>\n\t\t\t\t<\/div>\n\t\t\t\t\t<\/div>\n\t\t\t\t<\/div>\n\t\t<div class=\"elementor-element elementor-element-8b26b52 e-flex e-con-boxed e-con e-parent\" data-id=\"8b26b52\" data-element_type=\"container\" data-e-type=\"container\">\n\t\t\t\t\t<div class=\"e-con-inner\">\n\t\t<div class=\"elementor-element elementor-element-cd99154 e-con-full e-flex e-con e-child\" data-id=\"cd99154\" data-element_type=\"container\" data-e-type=\"container\">\n\t\t<div class=\"elementor-element elementor-element-521b544 e-con-full e-flex e-con e-child\" data-id=\"521b544\" data-element_type=\"container\" data-e-type=\"container\">\n\t\t<div class=\"elementor-element elementor-element-9eb5859 e-con-full e-flex e-con e-child\" data-id=\"9eb5859\" data-element_type=\"container\" data-e-type=\"container\">\n\t\t\t\t<div class=\"elementor-element elementor-element-6fd77d0 elementor-widget elementor-widget-heading\" data-id=\"6fd77d0\" data-element_type=\"widget\" data-e-type=\"widget\" data-widget_type=\"heading.default\">\n\t\t\t\t<div class=\"elementor-widget-container\">\n\t\t\t\t\t<h2 class=\"elementor-heading-title elementor-size-default\">Utforsk produktene v\u00e5re<\/h2>\t\t\t\t<\/div>\n\t\t\t\t<\/div>\n\t\t\t\t<\/div>\n\t\t<div class=\"elementor-element elementor-element-a505f65 e-con-full e-flex e-con e-child\" data-id=\"a505f65\" data-element_type=\"container\" data-e-type=\"container\">\n\t\t\t\t<div class=\"elementor-element elementor-element-dee514c elementor-align-right elementor-mobile-align-left elementor-widget elementor-widget-button\" data-id=\"dee514c\" data-element_type=\"widget\" data-e-type=\"widget\" data-widget_type=\"button.default\">\n\t\t\t\t<div class=\"elementor-widget-container\">\n\t\t\t\t\t\t\t\t\t<div class=\"elementor-button-wrapper\">\n\t\t\t\t\t<a class=\"elementor-button elementor-button-link elementor-size-sm\" href=\"https:\/\/engagencyclient.com\/nordictacticalsupplies\/shop\/\">\n\t\t\t\t\t\t<span class=\"elementor-button-content-wrapper\">\n\t\t\t\t\t\t<span class=\"elementor-button-icon\">\n\t\t\t\t<svg xmlns=\"http:\/\/www.w3.org\/2000\/svg\" viewBox=\"0 0 2048 2048\"><path d=\"M6.125 1088h1797.89l-402.976 403 89.994 90L2048 1024l-556.966-557-89.994 90 402.976 403H6.125v128z\"><\/path><\/svg>\t\t\t<\/span>\n\t\t\t\t\t\t\t\t\t<span class=\"elementor-button-text\">Handle n\u00e5<\/span>\n\t\t\t\t\t<\/span>\n\t\t\t\t\t<\/a>\n\t\t\t\t<\/div>\n\t\t\t\t\t\t\t\t<\/div>\n\t\t\t\t<\/div>\n\t\t\t\t<\/div>\n\t\t\t\t<\/div>\n\t\t\t\t<div class=\"elementor-element elementor-element-0ea1985 elementor-widget elementor-widget-shortcode\" data-id=\"0ea1985\" data-element_type=\"widget\" data-e-type=\"widget\" data-widget_type=\"shortcode.default\">\n\t\t\t\t<div class=\"elementor-widget-container\">\n\t\t\t\t\t\t\t<div class=\"elementor-shortcode\"><div class=\"woocommerce columns-4 \"><ul class=\"products columns-4\">\n<li class=\"desktop-align-left tablet-align-left mobile-align-left ast-product-gallery-layout-horizontal-slider ast-product-tabs-layout-horizontal ast-qv-on-image product type-product post-2461 status-publish first outofstock product_cat-lys has-post-thumbnail shipping-taxable purchasable product-type-simple\">\n\t<a href=\"https:\/\/engagencyclient.com\/nordictacticalsupplies\/product\/nitecore-nu25-ul\/\" class=\"woocommerce-LoopProduct-link woocommerce-loop-product__link\"><img fetchpriority=\"high\" decoding=\"async\" width=\"300\" height=\"300\" src=\"https:\/\/engagencyclient.com\/nordictacticalsupplies\/wp-content\/uploads\/2025\/04\/Nitecore-NU25-UL-300x300.webp\" class=\"attachment-woocommerce_thumbnail size-woocommerce_thumbnail\" alt=\"Nitecore NU25 UL\" srcset=\"https:\/\/engagencyclient.com\/nordictacticalsupplies\/wp-content\/uploads\/2025\/04\/Nitecore-NU25-UL-300x300.webp 300w, https:\/\/engagencyclient.com\/nordictacticalsupplies\/wp-content\/uploads\/2025\/04\/Nitecore-NU25-UL-150x150.webp 150w, https:\/\/engagencyclient.com\/nordictacticalsupplies\/wp-content\/uploads\/2025\/04\/Nitecore-NU25-UL-100x100.webp 100w\" sizes=\"(max-width: 300px) 100vw, 300px\" \/><h2 class=\"woocommerce-loop-product__title\">Nitecore NU25 UL<\/h2>\n\t<span class=\"price\"><span class=\"woocommerce-Price-amount amount\"><bdi><span class=\"woocommerce-Price-currencySymbol\">&#107;&#114;<\/span>&nbsp;599.00<\/bdi><\/span><\/span>\n<\/a><a href=\"https:\/\/engagencyclient.com\/nordictacticalsupplies\/product\/nitecore-nu25-ul\/\" aria-describedby=\"woocommerce_loop_add_to_cart_link_describedby_2461\" data-quantity=\"1\" class=\"button product_type_simple \" data-product_id=\"2461\" data-product_sku=\"\" aria-label=\"Read more about &ldquo;Nitecore NU25 UL&rdquo;\" rel=\"nofollow\" data-success_message=\"\">Read more<\/a>\t<span id=\"woocommerce_loop_add_to_cart_link_describedby_2461\" class=\"screen-reader-text\">\n\t\t\t<\/span>\n<\/li>\n<li class=\"desktop-align-left tablet-align-left mobile-align-left ast-product-gallery-layout-horizontal-slider ast-product-tabs-layout-horizontal ast-qv-on-image product type-product post-2460 status-publish outofstock product_cat-lys has-post-thumbnail shipping-taxable purchasable product-type-simple\">\n\t<a href=\"https:\/\/engagencyclient.com\/nordictacticalsupplies\/product\/nitecore-edc27\/\" class=\"woocommerce-LoopProduct-link woocommerce-loop-product__link\"><img decoding=\"async\" width=\"300\" height=\"300\" src=\"https:\/\/engagencyclient.com\/nordictacticalsupplies\/wp-content\/uploads\/2025\/04\/Nitecore-EDC27-300x300.webp\" class=\"attachment-woocommerce_thumbnail size-woocommerce_thumbnail\" alt=\"Nitecore EDC27\" srcset=\"https:\/\/engagencyclient.com\/nordictacticalsupplies\/wp-content\/uploads\/2025\/04\/Nitecore-EDC27-300x300.webp 300w, https:\/\/engagencyclient.com\/nordictacticalsupplies\/wp-content\/uploads\/2025\/04\/Nitecore-EDC27-150x150.webp 150w, https:\/\/engagencyclient.com\/nordictacticalsupplies\/wp-content\/uploads\/2025\/04\/Nitecore-EDC27-100x100.webp 100w\" sizes=\"(max-width: 300px) 100vw, 300px\" \/><h2 class=\"woocommerce-loop-product__title\">Nitecore EDC27<\/h2>\n\t<span class=\"price\"><span class=\"woocommerce-Price-amount amount\"><bdi><span class=\"woocommerce-Price-currencySymbol\">&#107;&#114;<\/span>&nbsp;1,399.00<\/bdi><\/span><\/span>\n<\/a><a href=\"https:\/\/engagencyclient.com\/nordictacticalsupplies\/product\/nitecore-edc27\/\" aria-describedby=\"woocommerce_loop_add_to_cart_link_describedby_2460\" data-quantity=\"1\" class=\"button product_type_simple \" data-product_id=\"2460\" data-product_sku=\"\" aria-label=\"Read more about &ldquo;Nitecore EDC27&rdquo;\" rel=\"nofollow\" data-success_message=\"\">Read more<\/a>\t<span id=\"woocommerce_loop_add_to_cart_link_describedby_2460\" class=\"screen-reader-text\">\n\t\t\t<\/span>\n<\/li>\n<li class=\"desktop-align-left tablet-align-left mobile-align-left ast-product-gallery-layout-horizontal-slider ast-product-tabs-layout-horizontal ast-qv-on-image product type-product post-2444 status-publish outofstock product_cat-lys has-post-thumbnail shipping-taxable purchasable product-type-simple\">\n\t<a href=\"https:\/\/engagencyclient.com\/nordictacticalsupplies\/product\/nitecore-nu40\/\" class=\"woocommerce-LoopProduct-link woocommerce-loop-product__link\"><img decoding=\"async\" width=\"300\" height=\"300\" src=\"https:\/\/engagencyclient.com\/nordictacticalsupplies\/wp-content\/uploads\/2025\/04\/Nitecore-NU40-1-300x300.webp\" class=\"attachment-woocommerce_thumbnail size-woocommerce_thumbnail\" alt=\"Nitecore NU40\" srcset=\"https:\/\/engagencyclient.com\/nordictacticalsupplies\/wp-content\/uploads\/2025\/04\/Nitecore-NU40-1-300x300.webp 300w, https:\/\/engagencyclient.com\/nordictacticalsupplies\/wp-content\/uploads\/2025\/04\/Nitecore-NU40-1-150x150.webp 150w, https:\/\/engagencyclient.com\/nordictacticalsupplies\/wp-content\/uploads\/2025\/04\/Nitecore-NU40-1-100x100.webp 100w\" sizes=\"(max-width: 300px) 100vw, 300px\" \/><h2 class=\"woocommerce-loop-product__title\">Nitecore NU40<\/h2>\n\t<span class=\"price\"><span class=\"woocommerce-Price-amount amount\"><bdi><span class=\"woocommerce-Price-currencySymbol\">&#107;&#114;<\/span>&nbsp;799.00<\/bdi><\/span><\/span>\n<\/a><a href=\"https:\/\/engagencyclient.com\/nordictacticalsupplies\/product\/nitecore-nu40\/\" aria-describedby=\"woocommerce_loop_add_to_cart_link_describedby_2444\" data-quantity=\"1\" class=\"button product_type_simple \" data-product_id=\"2444\" data-product_sku=\"\" aria-label=\"Read more about &ldquo;Nitecore NU40&rdquo;\" rel=\"nofollow\" data-success_message=\"\">Read more<\/a>\t<span id=\"woocommerce_loop_add_to_cart_link_describedby_2444\" class=\"screen-reader-text\">\n\t\t\t<\/span>\n<\/li>\n<li class=\"desktop-align-left tablet-align-left mobile-align-left ast-product-gallery-layout-horizontal-slider ast-product-tabs-layout-horizontal ast-qv-on-image product type-product post-2443 status-publish last outofstock product_cat-lys has-post-thumbnail shipping-taxable purchasable product-type-simple\">\n\t<a href=\"https:\/\/engagencyclient.com\/nordictacticalsupplies\/product\/nitecore-mt1a-pro-med-nl1411r-batteri\/\" class=\"woocommerce-LoopProduct-link woocommerce-loop-product__link\"><img loading=\"lazy\" decoding=\"async\" width=\"300\" height=\"300\" src=\"https:\/\/engagencyclient.com\/nordictacticalsupplies\/wp-content\/uploads\/2025\/04\/Nitecore-MT1A-Pro-med-NL1411R-batteri-1-300x300.webp\" class=\"attachment-woocommerce_thumbnail size-woocommerce_thumbnail\" alt=\"Nitecore MT1A Pro, med NL1411R batteri\" srcset=\"https:\/\/engagencyclient.com\/nordictacticalsupplies\/wp-content\/uploads\/2025\/04\/Nitecore-MT1A-Pro-med-NL1411R-batteri-1-300x300.webp 300w, https:\/\/engagencyclient.com\/nordictacticalsupplies\/wp-content\/uploads\/2025\/04\/Nitecore-MT1A-Pro-med-NL1411R-batteri-1-1024x1024.webp 1024w, https:\/\/engagencyclient.com\/nordictacticalsupplies\/wp-content\/uploads\/2025\/04\/Nitecore-MT1A-Pro-med-NL1411R-batteri-1-150x150.webp 150w, https:\/\/engagencyclient.com\/nordictacticalsupplies\/wp-content\/uploads\/2025\/04\/Nitecore-MT1A-Pro-med-NL1411R-batteri-1-768x768.webp 768w, https:\/\/engagencyclient.com\/nordictacticalsupplies\/wp-content\/uploads\/2025\/04\/Nitecore-MT1A-Pro-med-NL1411R-batteri-1-600x600.webp 600w, https:\/\/engagencyclient.com\/nordictacticalsupplies\/wp-content\/uploads\/2025\/04\/Nitecore-MT1A-Pro-med-NL1411R-batteri-1-100x100.webp 100w, https:\/\/engagencyclient.com\/nordictacticalsupplies\/wp-content\/uploads\/2025\/04\/Nitecore-MT1A-Pro-med-NL1411R-batteri-1.webp 1200w\" sizes=\"(max-width: 300px) 100vw, 300px\" \/><h2 class=\"woocommerce-loop-product__title\">Nitecore MT1A Pro, med NL1411R batteri<\/h2>\n\t<span class=\"price\"><span class=\"woocommerce-Price-amount amount\"><bdi><span class=\"woocommerce-Price-currencySymbol\">&#107;&#114;<\/span>&nbsp;699.00<\/bdi><\/span><\/span>\n<\/a><a href=\"https:\/\/engagencyclient.com\/nordictacticalsupplies\/product\/nitecore-mt1a-pro-med-nl1411r-batteri\/\" aria-describedby=\"woocommerce_loop_add_to_cart_link_describedby_2443\" data-quantity=\"1\" class=\"button product_type_simple \" data-product_id=\"2443\" data-product_sku=\"\" aria-label=\"Read more about &ldquo;Nitecore MT1A Pro, med NL1411R batteri&rdquo;\" rel=\"nofollow\" data-success_message=\"\">Read more<\/a>\t<span id=\"woocommerce_loop_add_to_cart_link_describedby_2443\" class=\"screen-reader-text\">\n\t\t\t<\/span>\n<\/li>\n<\/ul>\n<\/div><\/div>\n\t\t\t\t\t\t<\/div>\n\t\t\t\t<\/div>\n\t\t\t\t<\/div>\n\t\t\t\t\t<\/div>\n\t\t\t\t<\/div>\n\t\t<div class=\"elementor-element elementor-element-7dd67de e-flex e-con-boxed e-con e-parent\" data-id=\"7dd67de\" data-element_type=\"container\" data-e-type=\"container\">\n\t\t\t\t\t<div class=\"e-con-inner\">\n\t\t<div class=\"elementor-element elementor-element-aa61d9c e-con-full e-flex e-con e-child\" data-id=\"aa61d9c\" data-element_type=\"container\" data-e-type=\"container\">\n\t\t\t\t<div class=\"elementor-element elementor-element-37c73d8 elementor-widget elementor-widget-heading\" data-id=\"37c73d8\" data-element_type=\"widget\" data-e-type=\"widget\" data-widget_type=\"heading.default\">\n\t\t\t\t<div class=\"elementor-widget-container\">\n\t\t\t\t\t<h2 class=\"elementor-heading-title elementor-size-default\">Velg kategori - se produktutvalget!<\/h2>\t\t\t\t<\/div>\n\t\t\t\t<\/div>\n\t\t<div class=\"elementor-element elementor-element-69f20ca e-con-full e-flex e-con e-child\" data-id=\"69f20ca\" data-element_type=\"container\" data-e-type=\"container\">\n\t\t<a class=\"eael-wrapper-link-7141fc6 --eael-wrapper-link-tag\" href=\"https:\/\/engagencyclient.com\/nordictacticalsupplies\/vekter\/\"><\/a><div data-eael-wrapper-link=\"eael-wrapper-link-7141fc6\" class=\"elementor-element elementor-element-7141fc6 e-con-full e-flex e-con e-child\" data-id=\"7141fc6\" data-element_type=\"container\" data-e-type=\"container\" data-settings=\"{&quot;background_background&quot;:&quot;classic&quot;}\">\n\t\t\t\t<div class=\"elementor-element elementor-element-bbaba33 elementor-widget elementor-widget-button\" data-id=\"bbaba33\" data-element_type=\"widget\" data-e-type=\"widget\" data-widget_type=\"button.default\">\n\t\t\t\t<div class=\"elementor-widget-container\">\n\t\t\t\t\t\t\t\t\t<div class=\"elementor-button-wrapper\">\n\t\t\t\t\t<a class=\"elementor-button elementor-button-link elementor-size-sm\" href=\"https:\/\/engagencyclient.com\/nordictacticalsupplies\/vekter\/\">\n\t\t\t\t\t\t<span class=\"elementor-button-content-wrapper\">\n\t\t\t\t\t\t<span class=\"elementor-button-icon\">\n\t\t\t\t<svg xmlns=\"http:\/\/www.w3.org\/2000\/svg\" viewBox=\"0 0 2048 2048\"><path d=\"M6.125 1088h1797.89l-402.976 403 89.994 90L2048 1024l-556.966-557-89.994 90 402.976 403H6.125v128z\"><\/path><\/svg>\t\t\t<\/span>\n\t\t\t\t\t\t\t\t\t<span class=\"elementor-button-text\">Vekter <\/span>\n\t\t\t\t\t<\/span>\n\t\t\t\t\t<\/a>\n\t\t\t\t<\/div>\n\t\t\t\t\t\t\t\t<\/div>\n\t\t\t\t<\/div>\n\t\t\t\t<\/div>\n\t\t<a class=\"eael-wrapper-link-8d28cb0 --eael-wrapper-link-tag\" href=\"https:\/\/engagencyclient.com\/nordictacticalsupplies\/politi\/\"><\/a><div data-eael-wrapper-link=\"eael-wrapper-link-8d28cb0\" class=\"elementor-element elementor-element-8d28cb0 e-con-full e-flex e-con e-child\" data-id=\"8d28cb0\" data-element_type=\"container\" data-e-type=\"container\" data-settings=\"{&quot;background_background&quot;:&quot;classic&quot;}\">\n\t\t\t\t<div class=\"elementor-element elementor-element-2f160d0 elementor-widget elementor-widget-button\" data-id=\"2f160d0\" data-element_type=\"widget\" data-e-type=\"widget\" data-widget_type=\"button.default\">\n\t\t\t\t<div class=\"elementor-widget-container\">\n\t\t\t\t\t\t\t\t\t<div class=\"elementor-button-wrapper\">\n\t\t\t\t\t<a class=\"elementor-button elementor-button-link elementor-size-sm\" href=\"https:\/\/engagencyclient.com\/nordictacticalsupplies\/politi\/\">\n\t\t\t\t\t\t<span class=\"elementor-button-content-wrapper\">\n\t\t\t\t\t\t<span class=\"elementor-button-icon\">\n\t\t\t\t<svg xmlns=\"http:\/\/www.w3.org\/2000\/svg\" viewBox=\"0 0 2048 2048\"><path d=\"M6.125 1088h1797.89l-402.976 403 89.994 90L2048 1024l-556.966-557-89.994 90 402.976 403H6.125v128z\"><\/path><\/svg>\t\t\t<\/span>\n\t\t\t\t\t\t\t\t\t<span class=\"elementor-button-text\">Politi <\/span>\n\t\t\t\t\t<\/span>\n\t\t\t\t\t<\/a>\n\t\t\t\t<\/div>\n\t\t\t\t\t\t\t\t<\/div>\n\t\t\t\t<\/div>\n\t\t\t\t<\/div>\n\t\t<a class=\"eael-wrapper-link-3c96396 --eael-wrapper-link-tag\" href=\"https:\/\/engagencyclient.com\/nordictacticalsupplies\/nodetater\/\"><\/a><div data-eael-wrapper-link=\"eael-wrapper-link-3c96396\" class=\"elementor-element elementor-element-3c96396 e-con-full e-flex e-con e-child\" data-id=\"3c96396\" data-element_type=\"container\" data-e-type=\"container\" data-settings=\"{&quot;background_background&quot;:&quot;classic&quot;}\">\n\t\t\t\t<div class=\"elementor-element elementor-element-8cedcbf elementor-widget elementor-widget-button\" data-id=\"8cedcbf\" data-element_type=\"widget\" data-e-type=\"widget\" data-widget_type=\"button.default\">\n\t\t\t\t<div class=\"elementor-widget-container\">\n\t\t\t\t\t\t\t\t\t<div class=\"elementor-button-wrapper\">\n\t\t\t\t\t<a class=\"elementor-button elementor-button-link elementor-size-sm\" href=\"https:\/\/engagencyclient.com\/nordictacticalsupplies\/nodetater\/\">\n\t\t\t\t\t\t<span class=\"elementor-button-content-wrapper\">\n\t\t\t\t\t\t<span class=\"elementor-button-icon\">\n\t\t\t\t<svg xmlns=\"http:\/\/www.w3.org\/2000\/svg\" viewBox=\"0 0 2048 2048\"><path d=\"M6.125 1088h1797.89l-402.976 403 89.994 90L2048 1024l-556.966-557-89.994 90 402.976 403H6.125v128z\"><\/path><\/svg>\t\t\t<\/span>\n\t\t\t\t\t\t\t\t\t<span class=\"elementor-button-text\">N\u00f8detater <\/span>\n\t\t\t\t\t<\/span>\n\t\t\t\t\t<\/a>\n\t\t\t\t<\/div>\n\t\t\t\t\t\t\t\t<\/div>\n\t\t\t\t<\/div>\n\t\t\t\t<\/div>\n\t\t\t\t<\/div>\n\t\t\t\t<\/div>\n\t\t\t\t\t<\/div>\n\t\t\t\t<\/div>\n\t\t\t\t<\/div>\n\t\t","protected":false},"excerpt":{"rendered":"<p>Politi For fagfolk innen rettsh\u00e5ndhevelse tilbyr vi h\u00f8yytelses taktisk utstyr som gir p\u00e5litelig beskyttelse og overlegen mobilitet. Enten du er [&hellip;]<\/p>\n","protected":false},"author":1,"featured_media":0,"parent":0,"menu_order":0,"comment_status":"closed","ping_status":"closed","template":"","meta":{"site-sidebar-layout":"no-sidebar","site-content-layout":"page-builder","ast-site-content-layout":"full-width-container","site-content-style":"default","site-sidebar-style":"default","ast-global-header-display":"","ast-banner-title-visibility":"","ast-main-header-display":"","ast-hfb-above-header-display":"","ast-hfb-below-header-display":"","ast-hfb-mobile-header-display":"","site-post-title":"disabled","ast-breadcrumbs-content":"","ast-featured-img":"disabled","footer-sml-layout":"","ast-disable-related-posts":"","theme-transparent-header-meta":"default","adv-header-id-meta":"","stick-header-meta":"","header-above-stick-meta":"","header-main-stick-meta":"","header-below-stick-meta":"","astra-migrate-meta-layouts":"set","ast-page-background-enabled":"default","ast-page-background-meta":{"desktop":{"background-color":"","background-image":"","background-repeat":"repeat","background-position":"center center","background-size":"auto","background-attachment":"scroll","background-type":"","background-media":"","overlay-type":"","overlay-color":"","overlay-opacity":"","overlay-gradient":""},"tablet":{"background-color":"","background-image":"","background-repeat":"repeat","background-position":"center center","background-size":"auto","background-attachment":"scroll","background-type":"","background-media":"","overlay-type":"","overlay-color":"","overlay-opacity":"","overlay-gradient":""},"mobile":{"background-color":"","background-image":"","background-repeat":"repeat","background-position":"center center","background-size":"auto","background-attachment":"scroll","background-type":"","background-media":"","overlay-type":"","overlay-color":"","overlay-opacity":"","overlay-gradient":""}},"ast-content-background-meta":{"desktop":{"background-color":"var(--ast-global-color-5)","background-image":"","background-repeat":"repeat","background-position":"center center","background-size":"auto","background-attachment":"scroll","background-type":"","background-media":"","overlay-type":"","overlay-color":"","overlay-opacity":"","overlay-gradient":""},"tablet":{"background-color":"var(--ast-global-color-5)","background-image":"","background-repeat":"repeat","background-position":"center center","background-size":"auto","background-attachment":"scroll","background-type":"","background-media":"","overlay-type":"","overlay-color":"","overlay-opacity":"","overlay-gradient":""},"mobile":{"background-color":"var(--ast-global-color-5)","background-image":"","background-repeat":"repeat","background-position":"center center","background-size":"auto","background-attachment":"scroll","background-type":"","background-media":"","overlay-type":"","overlay-color":"","overlay-opacity":"","overlay-gradient":""}},"footnotes":""},"class_list":["post-1588","page","type-page","status-publish","hentry"],"_links":{"self":[{"href":"https:\/\/engagencyclient.com\/nordictacticalsupplies\/wp-json\/wp\/v2\/pages\/1588","targetHints":{"allow":["GET"]}}],"collection":[{"href":"https:\/\/engagencyclient.com\/nordictacticalsupplies\/wp-json\/wp\/v2\/pages"}],"about":[{"href":"https:\/\/engagencyclient.com\/nordictacticalsupplies\/wp-json\/wp\/v2\/types\/page"}],"author":[{"embeddable":true,"href":"https:\/\/engagencyclient.com\/nordictacticalsupplies\/wp-json\/wp\/v2\/users\/1"}],"replies":[{"embeddable":true,"href":"https:\/\/engagencyclient.com\/nordictacticalsupplies\/wp-json\/wp\/v2\/comments?post=1588"}],"version-history":[{"count":13,"href":"https:\/\/engagencyclient.com\/nordictacticalsupplies\/wp-json\/wp\/v2\/pages\/1588\/revisions"}],"predecessor-version":[{"id":2533,"href":"https:\/\/engagencyclient.com\/nordictacticalsupplies\/wp-json\/wp\/v2\/pages\/1588\/revisions\/2533"}],"wp:attachment":[{"href":"https:\/\/engagencyclient.com\/nordictacticalsupplies\/wp-json\/wp\/v2\/media?parent=1588"}],"curies":[{"name":"wp","href":"https:\/\/api.w.org\/{rel}","templated":true}]}}