{"id":2149,"date":"2025-02-26T12:31:49","date_gmt":"2025-02-26T12:31:49","guid":{"rendered":"https:\/\/engagencyclient.com\/nordictacticalsupplies\/?post_type=product&#038;p=2149"},"modified":"2025-06-12T12:14:38","modified_gmt":"2025-06-12T12:14:38","slug":"salomon-xa-forces-8-gtx-en","status":"publish","type":"product","link":"https:\/\/engagencyclient.com\/nordictacticalsupplies\/product\/salomon-xa-forces-8-gtx-en\/","title":{"rendered":"Salomon XA FORCES 8&#8242; GTX EN"},"content":{"rendered":"<p>Salomon Forces 8&#8221; GTX EN er en h\u00f8y versjon av XA Forces-serien. St\u00f8velen er lette og gir h\u00f8y grad av komfort b\u00e5de til l\u00f8ping og gang, samtidig som den gir god st\u00f8tte og beskyttelse som forventet av en taktisk st\u00f8vel.<\/p>\n<p>Den taktiske st\u00f8velen oppfyller offisielt teststandardene i ISO 20347:2012 og de tilh\u00f8rende standardene for antipunktering, antistatiske egenskaper og for sklisikkerhet.St\u00f8velen har et skaft p\u00e5 8 tommer (20,32 cm), gir god demping og ekstra beskyttelse i ankelomr\u00e5det. Hele overdelen best\u00e5r av en ikke-reflekterende materialblanding av anti-debris mesh, fullnarvet skinn og ettlags mesh. Den underliggende GORE-TEX\u00ae-membranen gj\u00f8r st\u00f8velen ideell til all slags v\u00e6r. 3D gummit\u00e5hetten beskytter foten mot st\u00f8t og sikrer h\u00f8y komfort i ulendt terreng. SensiFitTM-systemet skaper en sikker, presis og optimal passform. Innsiden av st\u00f8velen er forsterket med et tilleggsmateriale for \u00e5 st\u00f8tte klatring og rappellering.<\/p>\n<p>Ytelsen og stabiliteten til s\u00e5lekonstruksjonen spiller en avgj\u00f8rende rolle i feltet. Contagrip\u00ae MA ytters\u00e5le, 3D Advanced Chassis\u2122, anti-punktering Enigma Zero HT2 og antistatisk teknologi gir en optimal brukeopplevelse av skoen. En OrthoLite\u00ae innleggss\u00e5le s\u00f8rger for en behagelig passform og ekstra demping i st\u00f8velen, mens perforeringer i s\u00e5len st\u00f8tter et behagelig fotklima.<\/p>\n<ul>\n<li>Nubuck l\u00e6r<\/li>\n<li>Det h\u00f8ye skaftet beskytter anklene<\/li>\n<li>St\u00f8dig og stabilt grep<\/li>\n<li>Mesh for god ventilasjon<\/li>\n<\/ul>\n","protected":false},"excerpt":{"rendered":"<p>Salomon Forces 8&#8221; GTX EN er en h\u00f8y versjon av XA Forces-serien. St\u00f8velen er lette og gir h\u00f8y grad av komfort b\u00e5de til l\u00f8ping og gang, samtidig som den gir god st\u00f8tte og beskyttelse som forventet av en taktisk st\u00f8vel.<\/p>\n","protected":false},"featured_media":2173,"comment_status":"open","ping_status":"closed","template":"","meta":{"site-sidebar-layout":"default","site-content-layout":"","ast-site-content-layout":"default","site-content-style":"default","site-sidebar-style":"default","ast-global-header-display":"","ast-banner-title-visibility":"","ast-main-header-display":"","ast-hfb-above-header-display":"","ast-hfb-below-header-display":"","ast-hfb-mobile-header-display":"","site-post-title":"","ast-breadcrumbs-content":"","ast-featured-img":"","footer-sml-layout":"","ast-disable-related-posts":"","theme-transparent-header-meta":"default","adv-header-id-meta":"","stick-header-meta":"default","header-above-stick-meta":"","header-main-stick-meta":"","header-below-stick-meta":"","astra-migrate-meta-layouts":"set","ast-page-background-enabled":"default","ast-page-background-meta":{"desktop":{"background-color":"","background-image":"","background-repeat":"repeat","background-position":"center center","background-size":"auto","background-attachment":"scroll","background-type":"","background-media":"","overlay-type":"","overlay-color":"","overlay-opacity":"","overlay-gradient":""},"tablet":{"background-color":"","background-image":"","background-repeat":"repeat","background-position":"center center","background-size":"auto","background-attachment":"scroll","background-type":"","background-media":"","overlay-type":"","overlay-color":"","overlay-opacity":"","overlay-gradient":""},"mobile":{"background-color":"","background-image":"","background-repeat":"repeat","background-position":"center center","background-size":"auto","background-attachment":"scroll","background-type":"","background-media":"","overlay-type":"","overlay-color":"","overlay-opacity":"","overlay-gradient":""}},"ast-content-background-meta":{"desktop":{"background-color":"var(--ast-global-color-5)","background-image":"","background-repeat":"repeat","background-position":"center center","background-size":"auto","background-attachment":"scroll","background-type":"","background-media":"","overlay-type":"","overlay-color":"","overlay-opacity":"","overlay-gradient":""},"tablet":{"background-color":"var(--ast-global-color-5)","background-image":"","background-repeat":"repeat","background-position":"center center","background-size":"auto","background-attachment":"scroll","background-type":"","background-media":"","overlay-type":"","overlay-color":"","overlay-opacity":"","overlay-gradient":""},"mobile":{"background-color":"var(--ast-global-color-5)","background-image":"","background-repeat":"repeat","background-position":"center center","background-size":"auto","background-attachment":"scroll","background-type":"","background-media":"","overlay-type":"","overlay-color":"","overlay-opacity":"","overlay-gradient":""}}},"product_brand":[],"product_cat":[38,53],"product_tag":[],"class_list":{"0":"post-2149","1":"product","2":"type-product","3":"status-publish","4":"has-post-thumbnail","6":"product_cat-klaer","7":"product_cat-sko","8":"desktop-align-left","9":"tablet-align-left","10":"mobile-align-left","11":"ast-product-gallery-layout-horizontal-slider","12":"ast-product-single-variable","13":"ast-product-tabs-layout-horizontal","14":"ast-qv-on-image","16":"first","17":"outofstock","18":"shipping-taxable","19":"purchasable","20":"product-type-variable"},"_links":{"self":[{"href":"https:\/\/engagencyclient.com\/nordictacticalsupplies\/wp-json\/wp\/v2\/product\/2149","targetHints":{"allow":["GET"]}}],"collection":[{"href":"https:\/\/engagencyclient.com\/nordictacticalsupplies\/wp-json\/wp\/v2\/product"}],"about":[{"href":"https:\/\/engagencyclient.com\/nordictacticalsupplies\/wp-json\/wp\/v2\/types\/product"}],"replies":[{"embeddable":true,"href":"https:\/\/engagencyclient.com\/nordictacticalsupplies\/wp-json\/wp\/v2\/comments?post=2149"}],"wp:featuredmedia":[{"embeddable":true,"href":"https:\/\/engagencyclient.com\/nordictacticalsupplies\/wp-json\/wp\/v2\/media\/2173"}],"wp:attachment":[{"href":"https:\/\/engagencyclient.com\/nordictacticalsupplies\/wp-json\/wp\/v2\/media?parent=2149"}],"wp:term":[{"taxonomy":"product_brand","embeddable":true,"href":"https:\/\/engagencyclient.com\/nordictacticalsupplies\/wp-json\/wp\/v2\/product_brand?post=2149"},{"taxonomy":"product_cat","embeddable":true,"href":"https:\/\/engagencyclient.com\/nordictacticalsupplies\/wp-json\/wp\/v2\/product_cat?post=2149"},{"taxonomy":"product_tag","embeddable":true,"href":"https:\/\/engagencyclient.com\/nordictacticalsupplies\/wp-json\/wp\/v2\/product_tag?post=2149"}],"curies":[{"name":"wp","href":"https:\/\/api.w.org\/{rel}","templated":true}]}}