{"id":2156,"date":"2025-02-26T12:33:00","date_gmt":"2025-02-26T12:33:00","guid":{"rendered":"https:\/\/engagencyclient.com\/nordictacticalsupplies\/?post_type=product&#038;p=2156"},"modified":"2025-06-12T12:09:11","modified_gmt":"2025-06-12T12:09:11","slug":"salomon-quest-4d-gtx-forces-2-en","status":"publish","type":"product","link":"https:\/\/engagencyclient.com\/nordictacticalsupplies\/product\/salomon-quest-4d-gtx-forces-2-en\/","title":{"rendered":"Salomon QUEST 4D GTX FORCES 2 EN"},"content":{"rendered":"<p>Dens fleksibilitet gj\u00f8r Salomon QUEST 4D GTX FORCES 2 EN til en av v\u00e5re mest popul\u00e6re taktiske st\u00f8vler. Den kombinerer stabiliteten og grepet til en fjellst\u00f8vel med fleksibiliteten for \u00e5 tillate spurter eller til og med korte l\u00f8peturer. Denne allsidigheten gj\u00f8r den til en perfekt taktisk st\u00f8vel for offisielle eller milit\u00e6re operasjoner.<\/p>\n<p>Den taktiske st\u00f8velen oppfyller offisielt teststandardene i ISO 20347:2012 og de tilh\u00f8rende standardene for antipunktering, antistatiske egenskaper og for sklisikkerhet.<\/p>\n<p>Et anti-rusk mesh-materiale kombinert med fullnarvet skinn skaper en robust og fleksibel, ikke-reflekterende ytre overflate. GORE-TEX\u00ae membran gj\u00f8r denne optimal for all slags v\u00e6r og forhold. 3D gummit\u00e5hetten og gummih\u00e6lkoppen beskytter foten mot st\u00f8t og sikrer h\u00f8y komfort p\u00e5 grus eller i ulendt terreng. SensiFitTM-systemet s\u00f8rger for \u00e5 gi en sikker, presis og tilpasset passform. Innsiden av st\u00f8velen er forsterket med et tilleggsmateriale for \u00e5 st\u00f8tte klatring og rask rappellering.<\/p>\n<p>Den viktigste egenskapen til en multifunksjonell taktisk st\u00f8vel er selvf\u00f8lgelig den h\u00f8yteknologiske s\u00e5lekonstruksjonen. I tillegg til Enigma Zero HT2-innsatsen mot punktering og antistatisk teknologi, har Salomon ogs\u00e5 valgt en utpr\u00f8vd kombinasjon, med Contagrip\u00ae MD ytters\u00e5le for sikkert grep i fjellterreng, 4D-chassiset for god st\u00f8tte og stabilitet. EnergyCell melloms\u00e5le for optimal demping og ytelse. Til slutt s\u00f8rger en OrthoLite\u00ae innleggss\u00e5le for en behagelig passform og ekstra demping i st\u00f8velen, mens perforeringer i s\u00e5len s\u00f8rger for et behagelig fotklima.<\/p>\n<p>QUEST 4D FORCES 2 EN er utvilsomt en av de mest avanserte og allsidige taktiske st\u00f8vlene p\u00e5 markedet. Den kombinerer stabilitet og beskyttelse med et lett design for alle situasjoner.<\/p>\n","protected":false},"excerpt":{"rendered":"<p>Dens fleksibilitet gj\u00f8r Salomon QUEST 4D GTX FORCES 2 EN til en av v\u00e5re mest popul\u00e6re taktiske st\u00f8vler. Den kombinerer stabiliteten og grepet til en fjellst\u00f8vel med fleksibiliteten for \u00e5 tillate spurter eller til og med korte l\u00f8peturer. Denne allsidigheten gj\u00f8r den til en perfekt taktisk st\u00f8vel for offisielle eller milit\u00e6re operasjoner.<\/p>\n","protected":false},"featured_media":2222,"comment_status":"open","ping_status":"closed","template":"","meta":{"site-sidebar-layout":"default","site-content-layout":"","ast-site-content-layout":"default","site-content-style":"default","site-sidebar-style":"default","ast-global-header-display":"","ast-banner-title-visibility":"","ast-main-header-display":"","ast-hfb-above-header-display":"","ast-hfb-below-header-display":"","ast-hfb-mobile-header-display":"","site-post-title":"","ast-breadcrumbs-content":"","ast-featured-img":"","footer-sml-layout":"","ast-disable-related-posts":"","theme-transparent-header-meta":"default","adv-header-id-meta":"","stick-header-meta":"default","header-above-stick-meta":"","header-main-stick-meta":"","header-below-stick-meta":"","astra-migrate-meta-layouts":"set","ast-page-background-enabled":"default","ast-page-background-meta":{"desktop":{"background-color":"","background-image":"","background-repeat":"repeat","background-position":"center center","background-size":"auto","background-attachment":"scroll","background-type":"","background-media":"","overlay-type":"","overlay-color":"","overlay-opacity":"","overlay-gradient":""},"tablet":{"background-color":"","background-image":"","background-repeat":"repeat","background-position":"center center","background-size":"auto","background-attachment":"scroll","background-type":"","background-media":"","overlay-type":"","overlay-color":"","overlay-opacity":"","overlay-gradient":""},"mobile":{"background-color":"","background-image":"","background-repeat":"repeat","background-position":"center center","background-size":"auto","background-attachment":"scroll","background-type":"","background-media":"","overlay-type":"","overlay-color":"","overlay-opacity":"","overlay-gradient":""}},"ast-content-background-meta":{"desktop":{"background-color":"var(--ast-global-color-5)","background-image":"","background-repeat":"repeat","background-position":"center center","background-size":"auto","background-attachment":"scroll","background-type":"","background-media":"","overlay-type":"","overlay-color":"","overlay-opacity":"","overlay-gradient":""},"tablet":{"background-color":"var(--ast-global-color-5)","background-image":"","background-repeat":"repeat","background-position":"center center","background-size":"auto","background-attachment":"scroll","background-type":"","background-media":"","overlay-type":"","overlay-color":"","overlay-opacity":"","overlay-gradient":""},"mobile":{"background-color":"var(--ast-global-color-5)","background-image":"","background-repeat":"repeat","background-position":"center center","background-size":"auto","background-attachment":"scroll","background-type":"","background-media":"","overlay-type":"","overlay-color":"","overlay-opacity":"","overlay-gradient":""}}},"product_brand":[],"product_cat":[38,53],"product_tag":[],"class_list":{"0":"post-2156","1":"product","2":"type-product","3":"status-publish","4":"has-post-thumbnail","6":"product_cat-klaer","7":"product_cat-sko","8":"desktop-align-left","9":"tablet-align-left","10":"mobile-align-left","11":"ast-product-gallery-layout-horizontal-slider","12":"ast-product-single-variable","13":"ast-product-tabs-layout-horizontal","14":"ast-qv-on-image","16":"first","17":"outofstock","18":"shipping-taxable","19":"purchasable","20":"product-type-variable"},"_links":{"self":[{"href":"https:\/\/engagencyclient.com\/nordictacticalsupplies\/wp-json\/wp\/v2\/product\/2156","targetHints":{"allow":["GET"]}}],"collection":[{"href":"https:\/\/engagencyclient.com\/nordictacticalsupplies\/wp-json\/wp\/v2\/product"}],"about":[{"href":"https:\/\/engagencyclient.com\/nordictacticalsupplies\/wp-json\/wp\/v2\/types\/product"}],"replies":[{"embeddable":true,"href":"https:\/\/engagencyclient.com\/nordictacticalsupplies\/wp-json\/wp\/v2\/comments?post=2156"}],"wp:featuredmedia":[{"embeddable":true,"href":"https:\/\/engagencyclient.com\/nordictacticalsupplies\/wp-json\/wp\/v2\/media\/2222"}],"wp:attachment":[{"href":"https:\/\/engagencyclient.com\/nordictacticalsupplies\/wp-json\/wp\/v2\/media?parent=2156"}],"wp:term":[{"taxonomy":"product_brand","embeddable":true,"href":"https:\/\/engagencyclient.com\/nordictacticalsupplies\/wp-json\/wp\/v2\/product_brand?post=2156"},{"taxonomy":"product_cat","embeddable":true,"href":"https:\/\/engagencyclient.com\/nordictacticalsupplies\/wp-json\/wp\/v2\/product_cat?post=2156"},{"taxonomy":"product_tag","embeddable":true,"href":"https:\/\/engagencyclient.com\/nordictacticalsupplies\/wp-json\/wp\/v2\/product_tag?post=2156"}],"curies":[{"name":"wp","href":"https:\/\/api.w.org\/{rel}","templated":true}]}}