{"id":2460,"date":"2025-04-22T13:38:39","date_gmt":"2025-04-22T13:38:39","guid":{"rendered":"https:\/\/engagencyclient.com\/nordictacticalsupplies\/?post_type=product&#038;p=2460"},"modified":"2025-06-12T12:08:41","modified_gmt":"2025-06-12T12:08:41","slug":"nitecore-edc27","status":"publish","type":"product","link":"https:\/\/engagencyclient.com\/nordictacticalsupplies\/product\/nitecore-edc27\/","title":{"rendered":"Nitecore EDC27"},"content":{"rendered":"","protected":false},"excerpt":{"rendered":"<p>N\u00e5r opptil 3000 lumen, 220 meter maks str\u00e5leavstand<br \/>\nUSB-C oppladbart, innebygd 1700 mAh li-ion batteri, 37 timer maks kj\u00f8retid<br \/>\nBegynnelsen p\u00e5 EDC-lommelyktrevolusjonen: til slutt slank design og epokegj\u00f8rende gjennombrudd: fra sylindrisk til slank kommer i ustfritt st\u00e5l og titanbelegg<br \/>\nAvansert sandwichkonstruksjon: rustfritt st\u00e5lmateriale, komposittramme, varmeledende metallplate<br \/>\nHybrid varmeavledningssystem: kobbermateriale, aluminiumsplate, integrert ATR-modul, M-Turbo: to-trinns operasjoner for taktisk bruk<\/p>\n<p>Umiddelbar tilgang til 3000 lumen turboklar og 2. generasjon strobeklar<br \/>\nMultifunksjonell OLED-sanntidsskjerm<\/p>\n","protected":false},"featured_media":2471,"comment_status":"open","ping_status":"closed","template":"","meta":{"site-sidebar-layout":"default","site-content-layout":"","ast-site-content-layout":"default","site-content-style":"default","site-sidebar-style":"default","ast-global-header-display":"","ast-banner-title-visibility":"","ast-main-header-display":"","ast-hfb-above-header-display":"","ast-hfb-below-header-display":"","ast-hfb-mobile-header-display":"","site-post-title":"","ast-breadcrumbs-content":"","ast-featured-img":"","footer-sml-layout":"","ast-disable-related-posts":"","theme-transparent-header-meta":"default","adv-header-id-meta":"","stick-header-meta":"default","header-above-stick-meta":"","header-main-stick-meta":"","header-below-stick-meta":"","astra-migrate-meta-layouts":"set","ast-page-background-enabled":"default","ast-page-background-meta":{"desktop":{"background-color":"","background-image":"","background-repeat":"repeat","background-position":"center center","background-size":"auto","background-attachment":"scroll","background-type":"","background-media":"","overlay-type":"","overlay-color":"","overlay-opacity":"","overlay-gradient":""},"tablet":{"background-color":"","background-image":"","background-repeat":"repeat","background-position":"center center","background-size":"auto","background-attachment":"scroll","background-type":"","background-media":"","overlay-type":"","overlay-color":"","overlay-opacity":"","overlay-gradient":""},"mobile":{"background-color":"","background-image":"","background-repeat":"repeat","background-position":"center center","background-size":"auto","background-attachment":"scroll","background-type":"","background-media":"","overlay-type":"","overlay-color":"","overlay-opacity":"","overlay-gradient":""}},"ast-content-background-meta":{"desktop":{"background-color":"var(--ast-global-color-5)","background-image":"","background-repeat":"repeat","background-position":"center center","background-size":"auto","background-attachment":"scroll","background-type":"","background-media":"","overlay-type":"","overlay-color":"","overlay-opacity":"","overlay-gradient":""},"tablet":{"background-color":"var(--ast-global-color-5)","background-image":"","background-repeat":"repeat","background-position":"center center","background-size":"auto","background-attachment":"scroll","background-type":"","background-media":"","overlay-type":"","overlay-color":"","overlay-opacity":"","overlay-gradient":""},"mobile":{"background-color":"var(--ast-global-color-5)","background-image":"","background-repeat":"repeat","background-position":"center center","background-size":"auto","background-attachment":"scroll","background-type":"","background-media":"","overlay-type":"","overlay-color":"","overlay-opacity":"","overlay-gradient":""}}},"product_brand":[],"product_cat":[55],"product_tag":[],"class_list":{"0":"post-2460","1":"product","2":"type-product","3":"status-publish","4":"has-post-thumbnail","6":"product_cat-lys","7":"desktop-align-left","8":"tablet-align-left","9":"mobile-align-left","10":"ast-product-gallery-layout-horizontal-slider","11":"ast-product-tabs-layout-horizontal","12":"ast-qv-on-image","14":"first","15":"outofstock","16":"shipping-taxable","17":"purchasable","18":"product-type-simple"},"_links":{"self":[{"href":"https:\/\/engagencyclient.com\/nordictacticalsupplies\/wp-json\/wp\/v2\/product\/2460","targetHints":{"allow":["GET"]}}],"collection":[{"href":"https:\/\/engagencyclient.com\/nordictacticalsupplies\/wp-json\/wp\/v2\/product"}],"about":[{"href":"https:\/\/engagencyclient.com\/nordictacticalsupplies\/wp-json\/wp\/v2\/types\/product"}],"replies":[{"embeddable":true,"href":"https:\/\/engagencyclient.com\/nordictacticalsupplies\/wp-json\/wp\/v2\/comments?post=2460"}],"wp:featuredmedia":[{"embeddable":true,"href":"https:\/\/engagencyclient.com\/nordictacticalsupplies\/wp-json\/wp\/v2\/media\/2471"}],"wp:attachment":[{"href":"https:\/\/engagencyclient.com\/nordictacticalsupplies\/wp-json\/wp\/v2\/media?parent=2460"}],"wp:term":[{"taxonomy":"product_brand","embeddable":true,"href":"https:\/\/engagencyclient.com\/nordictacticalsupplies\/wp-json\/wp\/v2\/product_brand?post=2460"},{"taxonomy":"product_cat","embeddable":true,"href":"https:\/\/engagencyclient.com\/nordictacticalsupplies\/wp-json\/wp\/v2\/product_cat?post=2460"},{"taxonomy":"product_tag","embeddable":true,"href":"https:\/\/engagencyclient.com\/nordictacticalsupplies\/wp-json\/wp\/v2\/product_tag?post=2460"}],"curies":[{"name":"wp","href":"https:\/\/api.w.org\/{rel}","templated":true}]}}