{"id":64,"date":"2026-03-24T09:34:16","date_gmt":"2026-03-24T09:34:16","guid":{"rendered":"https:\/\/engagencyclient.com\/trogstadgard\/?page_id=64"},"modified":"2026-03-26T10:12:03","modified_gmt":"2026-03-26T10:12:03","slug":"personvern","status":"publish","type":"page","link":"https:\/\/engagencyclient.com\/trogstadgard\/personvern\/","title":{"rendered":"Personvern"},"content":{"rendered":"\t\t<div data-elementor-type=\"wp-page\" data-elementor-id=\"64\" class=\"elementor elementor-64\">\n\t\t\t\t<div class=\"elementor-element elementor-element-e4f2515 e-flex e-con-boxed e-con e-parent\" data-id=\"e4f2515\" data-element_type=\"container\" data-e-type=\"container\">\n\t\t\t\t\t<div class=\"e-con-inner\">\n\t\t<div class=\"elementor-element elementor-element-3d3bdbd e-con-full e-flex e-con e-child\" data-id=\"3d3bdbd\" data-element_type=\"container\" data-e-type=\"container\" data-settings=\"{&quot;background_background&quot;:&quot;classic&quot;}\">\n\t\t\t\t<div class=\"elementor-element elementor-element-577b3b8 elementor-widget elementor-widget-heading\" data-id=\"577b3b8\" data-element_type=\"widget\" data-e-type=\"widget\" data-widget_type=\"heading.default\">\n\t\t\t\t\t<h3 class=\"elementor-heading-title elementor-size-default\">Personvern (GDPR)<\/h3>\t\t\t\t<\/div>\n\t\t\t\t<div class=\"elementor-element elementor-element-b5bcaec elementor-widget elementor-widget-text-editor\" data-id=\"b5bcaec\" data-element_type=\"widget\" data-e-type=\"widget\" data-widget_type=\"text-editor.default\">\n\t\t\t\t\t\t\t\t\t(trogstadgard.no) tar sine forpliktelser overfor kundene p\u00e5 st\u00f8rste alvor. Dette omfatter ogs\u00e5 m\u00e5ten vi h\u00e5ndterer informasjonen du gir oss. Vi forplikter oss til \u00e5 overholde alle gjeldende lover og bestemmelser med hensyn til beskyttelse av personopplysninger, og denne teksten beskriver hvordan vi h\u00e5ndterer de personopplysninger som vi f\u00e5r i v\u00e5r besittelse. Opplysningene blir behandlet i henhold til kravene i personvernforordningen (GDPR) som trer i kraft i 2018. Her kan du lese mer om dette, hvis du \u00f8nsker: www.eugdpr.org. Ved \u00e5 bruke trogstadgard.no sine tjenester, og dette nettstedet godtar du vilk\u00e5rene som er gitt nedenfor. trogstadgard.no \u2013 driftes av Trogstadgard AS\t\t\t\t\t\t\t\t<\/div>\n\t\t\t\t<div class=\"elementor-element elementor-element-b08fd71 elementor-widget elementor-widget-heading\" data-id=\"b08fd71\" data-element_type=\"widget\" data-e-type=\"widget\" data-widget_type=\"heading.default\">\n\t\t\t\t\t<h3 class=\"elementor-heading-title elementor-size-default\">H\u00e5ndtering av personopplysninger<\/h3>\t\t\t\t<\/div>\n\t\t\t\t<div class=\"elementor-element elementor-element-84d9f7e elementor-widget elementor-widget-text-editor\" data-id=\"84d9f7e\" data-element_type=\"widget\" data-e-type=\"widget\" data-widget_type=\"text-editor.default\">\n\t\t\t\t\t\t\t\t\t<p>N\u00e5r du handler og f\u00e5r faktura av oss vil vi oppbevare personopplysninger om deg som navn, adresse, telefon og e-postadresse. Dette er ogs\u00e5 informasjon vi trenger for \u00e5 levere varene til deg evnt. via en transport\u00f8r, samt kontakte deg om forhold i forbindelse med bestillingen.<\/p><p>Vi har sikre rutiner ved oppbevaring av disse personopplysningene. Dette for \u00e5 sikre effektiv og trygg handel. Vi er dessuten p\u00e5lagt \u00e5 oppbevare denne informasjonen i forbindelse med regnskapsf\u00f8ring, avgifts h\u00e5ndtering og eventuell garanti-\/returh\u00e5ndtering, slik at denne historikken ikke kan slettes.<\/p><p>Vi benytter Google Analytics. trogstadgard.no selger heller ikke personopplysninger til tredjepart.<\/p><p>Dersom du har sp\u00f8rsm\u00e5l om personopplysninger knyttet til deg, eller \u00f8nsker \u00e5 gj\u00f8re bruk av dine rettigheter til retting, sperring, sletting, etc. etter personopplysningsloven, kan du kontakte oss via mail: <strong><a href=\"mailto:post@trogstadgard.no\">post@trogstadgard.no<\/a><\/strong><\/p>\t\t\t\t\t\t\t\t<\/div>\n\t\t\t\t<\/div>\n\t\t\t\t\t<\/div>\n\t\t\t\t<\/div>\n\t\t\t\t<\/div>\n\t\t","protected":false},"excerpt":{"rendered":"<p>Personvern (GDPR) (trogstadgard.no) tar sine forpliktelser overfor kundene p\u00e5 st\u00f8rste alvor. Dette omfatter ogs\u00e5 m\u00e5ten vi h\u00e5ndterer informasjonen du gir [&hellip;]<\/p>\n","protected":false},"author":1,"featured_media":0,"parent":0,"menu_order":0,"comment_status":"closed","ping_status":"closed","template":"","meta":{"site-sidebar-layout":"no-sidebar","site-content-layout":"","ast-site-content-layout":"full-width-container","site-content-style":"default","site-sidebar-style":"default","ast-global-header-display":"","ast-banner-title-visibility":"","ast-main-header-display":"","ast-hfb-above-header-display":"","ast-hfb-below-header-display":"","ast-hfb-mobile-header-display":"","site-post-title":"disabled","ast-breadcrumbs-content":"","ast-featured-img":"disabled","footer-sml-layout":"","ast-disable-related-posts":"","theme-transparent-header-meta":"","adv-header-id-meta":"","stick-header-meta":"","header-above-stick-meta":"","header-main-stick-meta":"","header-below-stick-meta":"","astra-migrate-meta-layouts":"default","ast-page-background-enabled":"default","ast-page-background-meta":{"desktop":{"background-color":"var(--ast-global-color-5)","background-image":"","background-repeat":"repeat","background-position":"center center","background-size":"auto","background-attachment":"scroll","background-type":"","background-media":"","overlay-type":"","overlay-color":"","overlay-opacity":"","overlay-gradient":""},"tablet":{"background-color":"","background-image":"","background-repeat":"repeat","background-position":"center center","background-size":"auto","background-attachment":"scroll","background-type":"","background-media":"","overlay-type":"","overlay-color":"","overlay-opacity":"","overlay-gradient":""},"mobile":{"background-color":"","background-image":"","background-repeat":"repeat","background-position":"center center","background-size":"auto","background-attachment":"scroll","background-type":"","background-media":"","overlay-type":"","overlay-color":"","overlay-opacity":"","overlay-gradient":""}},"ast-content-background-meta":{"desktop":{"background-color":"var(--ast-global-color-4)","background-image":"","background-repeat":"repeat","background-position":"center center","background-size":"auto","background-attachment":"scroll","background-type":"","background-media":"","overlay-type":"","overlay-color":"","overlay-opacity":"","overlay-gradient":""},"tablet":{"background-color":"var(--ast-global-color-4)","background-image":"","background-repeat":"repeat","background-position":"center center","background-size":"auto","background-attachment":"scroll","background-type":"","background-media":"","overlay-type":"","overlay-color":"","overlay-opacity":"","overlay-gradient":""},"mobile":{"background-color":"var(--ast-global-color-4)","background-image":"","background-repeat":"repeat","background-position":"center center","background-size":"auto","background-attachment":"scroll","background-type":"","background-media":"","overlay-type":"","overlay-color":"","overlay-opacity":"","overlay-gradient":""}},"footnotes":""},"class_list":["post-64","page","type-page","status-publish","hentry"],"_links":{"self":[{"href":"https:\/\/engagencyclient.com\/trogstadgard\/wp-json\/wp\/v2\/pages\/64","targetHints":{"allow":["GET"]}}],"collection":[{"href":"https:\/\/engagencyclient.com\/trogstadgard\/wp-json\/wp\/v2\/pages"}],"about":[{"href":"https:\/\/engagencyclient.com\/trogstadgard\/wp-json\/wp\/v2\/types\/page"}],"author":[{"embeddable":true,"href":"https:\/\/engagencyclient.com\/trogstadgard\/wp-json\/wp\/v2\/users\/1"}],"replies":[{"embeddable":true,"href":"https:\/\/engagencyclient.com\/trogstadgard\/wp-json\/wp\/v2\/comments?post=64"}],"version-history":[{"count":7,"href":"https:\/\/engagencyclient.com\/trogstadgard\/wp-json\/wp\/v2\/pages\/64\/revisions"}],"predecessor-version":[{"id":571,"href":"https:\/\/engagencyclient.com\/trogstadgard\/wp-json\/wp\/v2\/pages\/64\/revisions\/571"}],"wp:attachment":[{"href":"https:\/\/engagencyclient.com\/trogstadgard\/wp-json\/wp\/v2\/media?parent=64"}],"curies":[{"name":"wp","href":"https:\/\/api.w.org\/{rel}","templated":true}]}}